{"id":12186,"date":"2024-10-18T14:01:16","date_gmt":"2024-10-18T17:01:16","guid":{"rendered":"https:\/\/www.biologix.com.br\/?page_id=12186"},"modified":"2026-01-20T20:02:09","modified_gmt":"2026-01-20T23:02:09","slug":"teste-do-ronco","status":"publish","type":"page","link":"https:\/\/www.biologix.com.br\/en\/teste-do-ronco\/","title":{"rendered":"Biologix Snoring Test\u00ae"},"content":{"rendered":"\t\t<div data-elementor-type=\"wp-page\" data-elementor-id=\"12186\" class=\"elementor elementor-12186\" data-elementor-post-type=\"page\">\n\t\t\t\t<div class=\"elementor-element elementor-element-d5e1822 e-con-full largura-total e-flex e-con e-parent\" data-id=\"d5e1822\" data-element_type=\"container\" data-e-type=\"container\">\n\t\t<div class=\"elementor-element elementor-element-886710a e-con-full e-flex e-con e-child\" data-id=\"886710a\" data-element_type=\"container\" data-e-type=\"container\" data-settings=\"{&quot;background_background&quot;:&quot;classic&quot;}\">\n\t\t\t\t<\/div>\n\t\t<div class=\"elementor-element elementor-element-262f552 e-con-full e-flex e-con e-child\" data-id=\"262f552\" data-element_type=\"container\" data-e-type=\"container\" data-settings=\"{&quot;background_background&quot;:&quot;classic&quot;}\">\n\t\t\t\t<div class=\"elementor-element elementor-element-7d214a8 elementor-widget elementor-widget-heading\" data-id=\"7d214a8\" data-element_type=\"widget\" data-e-type=\"widget\" data-widget_type=\"heading.default\">\n\t\t\t\t<div class=\"elementor-widget-container\">\n\t\t\t\t\t<h2 class=\"elementor-heading-title elementor-size-default\">Teste do Ronco Biologix\u00ae<\/h2>\t\t\t\t<\/div>\n\t\t\t\t<\/div>\n\t\t\t\t<\/div>\n\t\t\t\t<\/div>\n\t\t<div class=\"elementor-element elementor-element-cc30e73 e-flex e-con-boxed e-con e-parent\" data-id=\"cc30e73\" data-element_type=\"container\" data-e-type=\"container\">\n\t\t\t\t\t<div class=\"e-con-inner\">\n\t\t\t\t<div class=\"elementor-element elementor-element-579add6 elementor-widget elementor-widget-text-editor\" data-id=\"579add6\" data-element_type=\"widget\" data-e-type=\"widget\" data-widget_type=\"text-editor.default\">\n\t\t\t\t<div class=\"elementor-widget-container\">\n\t\t\t\t\t\t\t\t\t<p><span style=\"font-weight: 400;\">O Teste do Ronco Biologix\u00ae permite que voc\u00ea avalie o ronco do seu paciente sem que ele precise ter um sensor Oxistar\u00ae em m\u00e3os.<\/span><\/p><p><span style=\"font-weight: 400;\">Integrado ao app Biologix, o nosso teste capta e classifica os roncos do paciente, de modo a fornecer o n\u00edvel de intensidade e o percentual de tempo de ronco durante todo o per\u00edodo de sono. Para isso, basta que o paciente utilize seu pr\u00f3prio celular, obtenha uma autoriza\u00e7\u00e3o de exame por meio de um centro credenciado e tenha o aplicativo instalado.<\/span><\/p>\t\t\t\t\t\t\t\t<\/div>\n\t\t\t\t<\/div>\n\t\t\t\t\t<\/div>\n\t\t\t\t<\/div>\n\t\t<div class=\"elementor-element elementor-element-8cc7caa largura-total e-flex e-con-boxed e-con e-parent\" data-id=\"8cc7caa\" data-element_type=\"container\" data-e-type=\"container\" data-settings=\"{&quot;background_background&quot;:&quot;classic&quot;}\">\n\t\t\t\t\t<div class=\"e-con-inner\">\n\t\t<div class=\"elementor-element elementor-element-8f99c2e e-con-full e-flex e-con e-child\" data-id=\"8f99c2e\" data-element_type=\"container\" data-e-type=\"container\">\n\t\t\t\t<div class=\"elementor-element elementor-element-f2d0f25 elementor-widget elementor-widget-heading\" data-id=\"f2d0f25\" data-element_type=\"widget\" data-e-type=\"widget\" data-widget_type=\"heading.default\">\n\t\t\t\t<div class=\"elementor-widget-container\">\n\t\t\t\t\t<h2 class=\"elementor-heading-title elementor-size-default\">Como a solu\u00e7\u00e3o identifica e classifica meus roncos?<\/h2>\t\t\t\t<\/div>\n\t\t\t\t<\/div>\n\t\t\t\t<div class=\"elementor-element elementor-element-5694f7b elementor-widget elementor-widget-text-editor\" data-id=\"5694f7b\" data-element_type=\"widget\" data-e-type=\"widget\" data-widget_type=\"text-editor.default\">\n\t\t\t\t<div class=\"elementor-widget-container\">\n\t\t\t\t\t\t\t\t\t<p><span style=\"font-weight: 400;\">Para reconhecer de maneira precisa os padr\u00f5es de ronco de um paciente, nossa solu\u00e7\u00e3o faz uso de redes neurais artificiais, uma t\u00e9cnica de machine learning &#8211; metodologia conhecida como aprendizado de m\u00e1quina. Atrav\u00e9s desta tecnologia, o algoritmo de detec\u00e7\u00e3o de ronco da Biologix analisa e aprende continuamente a diferenciar os sons gravados pelo microfone do celular (ronco x ru\u00eddo).<\/span><\/p><p><span style=\"font-weight: 400;\">Ap\u00f3s a conclus\u00e3o do teste, o resultado \u00e9 apresentado de forma gr\u00e1fica e autom\u00e1tica, no aplicativo do paciente e no portal do profissional, com n\u00edveis de intensidade e amostras do ronco em \u00e1udio. A precis\u00e3o na identifica\u00e7\u00e3o e classifica\u00e7\u00e3o de roncos da solu\u00e7\u00e3o Biologix \u00e9 de 92%.<\/span><\/p>\t\t\t\t\t\t\t\t<\/div>\n\t\t\t\t<\/div>\n\t\t\t\t<\/div>\n\t\t<div class=\"elementor-element elementor-element-a5f8e94 e-con-full e-flex e-con e-child\" data-id=\"a5f8e94\" data-element_type=\"container\" data-e-type=\"container\">\n\t\t\t\t<div class=\"elementor-element elementor-element-05c0895 elementor-widget elementor-widget-image\" data-id=\"05c0895\" data-element_type=\"widget\" data-e-type=\"widget\" data-widget_type=\"image.default\">\n\t\t\t\t<div class=\"elementor-widget-container\">\n\t\t\t\t\t\t\t\t\t\t\t\t\t\t\t<img fetchpriority=\"high\" decoding=\"async\" width=\"843\" height=\"667\" src=\"https:\/\/www.biologix.com.br\/wp-content\/uploads\/2024\/11\/img-testedoronco-1024x810.png\" class=\"attachment-large size-large wp-image-12474\" alt=\"\" srcset=\"https:\/\/www.biologix.com.br\/wp-content\/uploads\/2024\/11\/img-testedoronco-1024x810.png 1024w, https:\/\/www.biologix.com.br\/wp-content\/uploads\/2024\/11\/img-testedoronco-300x237.png 300w, https:\/\/www.biologix.com.br\/wp-content\/uploads\/2024\/11\/img-testedoronco-768x607.png 768w, https:\/\/www.biologix.com.br\/wp-content\/uploads\/2024\/11\/img-testedoronco-15x12.png 15w, https:\/\/www.biologix.com.br\/wp-content\/uploads\/2024\/11\/img-testedoronco.png 1366w\" sizes=\"(max-width: 843px) 100vw, 843px\" \/>\t\t\t\t\t\t\t\t\t\t\t\t\t\t\t<\/div>\n\t\t\t\t<\/div>\n\t\t\t\t<\/div>\n\t\t\t\t\t<\/div>\n\t\t\t\t<\/div>\n\t\t<div class=\"elementor-element elementor-element-8030203 largura-total e-flex e-con-boxed e-con e-parent\" data-id=\"8030203\" data-element_type=\"container\" data-e-type=\"container\" data-settings=\"{&quot;background_background&quot;:&quot;classic&quot;}\">\n\t\t\t\t\t<div class=\"e-con-inner\">\n\t\t\t\t<div class=\"elementor-element elementor-element-2b73397 elementor-widget elementor-widget-heading\" data-id=\"2b73397\" data-element_type=\"widget\" data-e-type=\"widget\" data-widget_type=\"heading.default\">\n\t\t\t\t<div class=\"elementor-widget-container\">\n\t\t\t\t\t<h2 class=\"elementor-heading-title elementor-size-default\">Seja um centro credenciado Biologix<\/h2>\t\t\t\t<\/div>\n\t\t\t\t<\/div>\n\t\t\t\t<div class=\"elementor-element elementor-element-da81a8e elementor-widget elementor-widget-text-editor\" data-id=\"da81a8e\" data-element_type=\"widget\" data-e-type=\"widget\" data-widget_type=\"text-editor.default\">\n\t\t\t\t<div class=\"elementor-widget-container\">\n\t\t\t\t\t\t\t\t\t<p><span style=\"font-weight: 400;\">Ofere\u00e7a o diagn\u00f3stico preciso e inovador da apneia do sono em seu consult\u00f3rio com a tecnologia avan\u00e7ada da Biologix. <\/span>Para adquirir a solu\u00e7\u00e3o Biologix, basta preencher o pr\u00e9-cadastro abaixo. Em breve, um de nossos consultores entrar\u00e1 em contato via WhatsApp para esclarecer todas as suas d\u00favidas.<\/p>\t\t\t\t\t\t\t\t<\/div>\n\t\t\t\t<\/div>\n\t\t\t\t<div class=\"elementor-element elementor-element-a7b20ea eael-fluentform-form-button-custom elementor-widget elementor-widget-eael-fluentform\" data-id=\"a7b20ea\" data-element_type=\"widget\" data-e-type=\"widget\" data-widget_type=\"eael-fluentform.default\">\n\t\t\t\t<div class=\"elementor-widget-container\">\n\t\t\t\t\t        <div class=\"eael-contact-form eael-fluent-form-wrapper clearfix eael-custom-radio-checkbox eael-contact-form-align-default\">\n\n            \n            <div class='fluentform ff-default fluentform_wrapper_10 ffs_default_wrap'><form data-form_id=\"10\" id=\"fluentform_10\" class=\"frm-fluent-form fluent_form_10 ff-el-form-top ff_form_instance_10_1 ff-form-loading ffs_default\" data-form_instance=\"ff_form_instance_10_1\" method=\"POST\" data-turnstile_key=\"0x4AAAAAACICOdLMMthPCD1-\" ><fieldset  style=\"border: none!important;margin: 0!important;padding: 0!important;background-color: transparent!important;box-shadow: none!important;outline: none!important; min-inline-size: 100%;\">\n                    <legend class=\"ff_screen_reader_title\" style=\"display: block; margin: 0!important;padding: 0!important;height: 0!important;text-indent: -999999px;width: 0!important;overflow:hidden;\">teste do ronco<\/legend><input type='hidden' name='__fluent_form_embded_post_id' value='12186' \/><input type=\"hidden\" id=\"_fluentform_10_fluentformnonce\" name=\"_fluentform_10_fluentformnonce\" value=\"8ff1010ea1\" \/><input type=\"hidden\" name=\"_wp_http_referer\" value=\"\/en\/wp-json\/wp\/v2\/pages\/12186\" \/><div data-type=\"name-element\" data-name=\"names\" class=\" ff-field_container ff-name-field-wrapper\" ><div class='ff-t-container'><div class='ff-t-cell '><div class='ff-el-group ff-el-form-top'><div class=\"ff-el-input--label ff-el-is-required asterisk-right\"><label for='ff_10_names_first_name_' id='label_ff_10_names_first_name_' >Nome<\/label><\/div><div class='ff-el-input--content'><input type=\"text\" name=\"names[first_name]\" id=\"ff_10_names_first_name_\" class=\"ff-el-form-control\" aria-invalid=\"false\" aria-required=true><\/div><\/div><\/div><\/div><\/div><div class='ff-el-group ff-el-form-top'><div class=\"ff-el-input--label ff-el-is-required asterisk-right\"><label for='ff_10_email' id='label_ff_10_email' aria-label=\"E-mail\">E-mail<\/label><\/div><div class='ff-el-input--content'><input type=\"email\" name=\"email\" id=\"ff_10_email\" class=\"ff-el-form-control\" data-name=\"email\"  aria-invalid=\"false\" aria-required=true><\/div><\/div><div class='ff-el-group ff-el-form-top'><div class=\"ff-el-input--label ff-el-is-required asterisk-right\"><label for='ff_10_telefone_ui' id='label_ff_10_telefone_ui' aria-label=\"Telefone\">Telefone<\/label><\/div><div class='ff-el-input--content'><input type=\"text\" name=\"telefone_ui\" class=\"ff-el-form-control\" data-name=\"telefone_ui\" id=\"ff_10_telefone_ui\"  aria-invalid=\"false\" aria-required=true><\/div><\/div><div class='ff-el-group ff-el-form-top'><div class=\"ff-el-input--label ff-el-is-required asterisk-right\"><label for='ff_10_especialidade' id='label_ff_10_especialidade' aria-label=\"Especialidade\">Especialidade<\/label><\/div><div class='ff-el-input--content'><select name=\"especialidade\" id=\"ff_10_especialidade\" class=\"ff-el-form-control  ff_has_multi_select\" data-name=\"especialidade\" data-calc_value=\"0\"  aria-invalid=\"false\" aria-required=\"true\" aria-labelledby=\"label_ff_10_especialidade\"><option value=\"\">Selecione uma especialidade<\/option><option value=\"Cardiologia\"  >Cardiologia<\/option><option value=\"Cirurgia bari\u00e1trica e metab\u00f3lica\"  >Cirurgia bari\u00e1trica e metab\u00f3lica<\/option><option value=\"Cirurgia geral\"  >Cirurgia geral<\/option><option value=\"Cl\u00ednica m\u00e9dica\"  >Cl\u00ednica m\u00e9dica<\/option><option value=\"Dermatologia\"  >Dermatologia<\/option><option value=\"Diagn\u00f3stico por imagem\"  >Diagn\u00f3stico por imagem<\/option><option value=\"Empresa\"  >Empresa<\/option><option value=\"Endocrinologia\"  >Endocrinologia<\/option><option value=\"Equipamentos m\u00e9dicos\"  >Equipamentos m\u00e9dicos<\/option><option value=\"Farm\u00e1cia\"  >Farm\u00e1cia<\/option><option value=\"Fisioterapia\"  >Fisioterapia<\/option><option value=\"Fonoaudiologia\"  >Fonoaudiologia<\/option><option value=\"Geriatria\"  >Geriatria<\/option><option value=\"Ginecologia\"  >Ginecologia<\/option><option value=\"Hospital\"  >Hospital<\/option><option value=\"Laborat\u00f3rio\"  >Laborat\u00f3rio<\/option><option value=\"Medicina do esporte\"  >Medicina do esporte<\/option><option value=\"Medicina do sono\"  >Medicina do sono<\/option><option value=\"Mioterapia\"  >Mioterapia<\/option><option value=\"Neurologia\"  >Neurologia<\/option><option value=\"Nutri\u00e7\u00e3o\"  >Nutri\u00e7\u00e3o<\/option><option value=\"Odontologia\"  >Odontologia<\/option><option value=\"Odontologia do sono\"  >Odontologia do sono<\/option><option value=\"Ortodontia\"  >Ortodontia<\/option><option value=\"Otorrinolaringologia\"  >Otorrinolaringologia<\/option><option value=\"Periodontia\"  >Periodontia<\/option><option value=\"Pesquisa\"  >Pesquisa<\/option><option value=\"Plano de sa\u00fade\"  >Plano de sa\u00fade<\/option><option value=\"Pneumologia\"  >Pneumologia<\/option><option value=\"Pr\u00f3tese\"  >Pr\u00f3tese<\/option><option value=\"Psiquiatria\"  >Psiquiatria<\/option><option value=\"Reabilita\u00e7\u00e3o oral\"  >Reabilita\u00e7\u00e3o oral<\/option><option value=\"Outra\"  >Outra<\/option><option value=\"Paciente\"  >Paciente<\/option><\/select><\/div><\/div><input type=\"hidden\" name=\"telefone_e164\" data-name=\"telefone_e164\" ><div class='ff-el-group    ff-el-input--content'><div class='ff-el-form-check ff-el-tc'><label aria-label='Terms and Conditions: Concordo em receber contato comercial e autorizo o tratamento dos meus dados conforme a Pol\u00edtica de Privacidade. Contains 1 link. Use tab navigation to review.' class='ff-el-form-check-label ff_tc_label' for=terms-n-condition_d1bf1589f1881f27e8ebb951f8512191><span class='ff_tc_checkbox'><input type=\"checkbox\" name=\"terms-n-condition\" class=\"ff-el-form-check-input\" data-name=\"terms-n-condition\" id=\"terms-n-condition_d1bf1589f1881f27e8ebb951f8512191\"  value='on' aria-invalid='false' aria-required=true><\/span> <div class='ff_t_c'><p>Concordo em receber contato comercial e autorizo o tratamento dos meus dados conforme a <a href=\"https:\/\/www.biologix.com.br\/_public\/legal\/privacy_policy-pt.html\">Pol\u00edtica de Privacidade<\/a>.<\/p><\/div><\/label><\/div><\/div><div class='ff-el-group ' ><div class='ff-el-input--content'><div data-fluent_id='10' name='cf-turnstile-response'><div\n\t\tdata-sitekey='0x4AAAAAACICOdLMMthPCD1-'\n\t\tdata-theme='auto'\n\t\tid='fluentform-turnstile-10-1'\n\t\tclass='ff-el-turnstile cf-turnstile'\n\t\tdata-appearance='always'><\/div><\/div><\/div><\/div><div class='ff-el-group ff-text-left ff_submit_btn_wrapper'><button type=\"submit\" class=\"ff-btn ff-btn-submit ff-btn-md ff_btn_no_style\"  aria-label=\"Enviar pr\u00e9 cadastro\">Enviar pr\u00e9 cadastro<\/button><\/div><\/fieldset><\/form><div id='fluentform_10_errors' class='ff-errors-in-stack ff_form_instance_10_1 ff-form-loading_errors ff_form_instance_10_1_errors'><\/div><\/div>            <script type=\"text\/javascript\">\n                window.fluent_form_ff_form_instance_10_1 = {\"id\":\"10\",\"settings\":{\"layout\":{\"labelPlacement\":\"top\",\"asteriskPlacement\":\"asterisk-right\",\"helpMessagePlacement\":\"with_label\",\"errorMessagePlacement\":\"inline\",\"cssClassName\":\"\"},\"restrictions\":{\"denyEmptySubmission\":{\"enabled\":false}}},\"form_instance\":\"ff_form_instance_10_1\",\"form_id_selector\":\"fluentform_10\",\"rules\":{\"names[first_name]\":{\"required\":{\"value\":true,\"message\":\"This field is required\",\"global_message\":\"Este campo \\u00e9 obrigat\\u00f3rio\",\"global\":true}},\"names[middle_name]\":{\"required\":{\"value\":false,\"message\":\"This field is required\",\"global_message\":\"Este campo \\u00e9 obrigat\\u00f3rio\",\"global\":true}},\"names[last_name]\":{\"required\":{\"value\":false,\"message\":\"This field is required\",\"global_message\":\"Este campo \\u00e9 obrigat\\u00f3rio\",\"global\":true}},\"email\":{\"required\":{\"value\":true,\"message\":\"This field is required\",\"global_message\":\"Este campo \\u00e9 obrigat\\u00f3rio\",\"global\":true},\"email\":{\"value\":true,\"message\":\"This field must contain a valid email\",\"global_message\":\"Este campo deve conter um e-mail v\\u00e1lido\",\"global\":true}},\"telefone_ui\":{\"required\":{\"value\":true,\"message\":\"This field is required\",\"global_message\":\"Este campo \\u00e9 obrigat\\u00f3rio\",\"global\":true}},\"especialidade\":{\"required\":{\"value\":true,\"message\":\"This field is required\",\"global_message\":\"Este campo \\u00e9 obrigat\\u00f3rio\",\"global\":true}},\"terms-n-condition\":{\"required\":{\"value\":true,\"message\":\"This field is required\",\"global_message\":\"Este campo \\u00e9 obrigat\\u00f3rio\",\"global\":true}},\"cf-turnstile-response\":[]},\"debounce_time\":300};\n                            <\/script>\n                    <\/div>\n\n        \t\t\t\t<\/div>\n\t\t\t\t<\/div>\n\t\t\t\t\t<\/div>\n\t\t\t\t<\/div>\n\t\t\t\t<\/div>\n\t\t","protected":false},"excerpt":{"rendered":"<p>Teste do Ronco Biologix\u00ae O Teste do Ronco Biologix\u00ae permite que voc\u00ea avalie o ronco do seu paciente sem que ele precise ter um sensor&hellip;<\/p>","protected":false},"author":2,"featured_media":0,"parent":0,"menu_order":0,"comment_status":"closed","ping_status":"closed","template":"","meta":{"footnotes":""},"class_list":["post-12186","page","type-page","status-publish","hentry"],"aioseo_notices":[],"_links":{"self":[{"href":"https:\/\/www.biologix.com.br\/en\/wp-json\/wp\/v2\/pages\/12186","targetHints":{"allow":["GET"]}}],"collection":[{"href":"https:\/\/www.biologix.com.br\/en\/wp-json\/wp\/v2\/pages"}],"about":[{"href":"https:\/\/www.biologix.com.br\/en\/wp-json\/wp\/v2\/types\/page"}],"author":[{"embeddable":true,"href":"https:\/\/www.biologix.com.br\/en\/wp-json\/wp\/v2\/users\/2"}],"replies":[{"embeddable":true,"href":"https:\/\/www.biologix.com.br\/en\/wp-json\/wp\/v2\/comments?post=12186"}],"version-history":[{"count":73,"href":"https:\/\/www.biologix.com.br\/en\/wp-json\/wp\/v2\/pages\/12186\/revisions"}],"predecessor-version":[{"id":14141,"href":"https:\/\/www.biologix.com.br\/en\/wp-json\/wp\/v2\/pages\/12186\/revisions\/14141"}],"wp:attachment":[{"href":"https:\/\/www.biologix.com.br\/en\/wp-json\/wp\/v2\/media?parent=12186"}],"curies":[{"name":"wp","href":"https:\/\/api.w.org\/{rel}","templated":true}]}}