{"id":12498,"date":"2024-11-18T11:24:45","date_gmt":"2024-11-18T14:24:45","guid":{"rendered":"https:\/\/www.biologix.com.br\/?page_id=12498"},"modified":"2024-11-18T15:40:06","modified_gmt":"2024-11-18T18:40:06","slug":"pesquisa-cientifica","status":"publish","type":"page","link":"https:\/\/www.biologix.com.br\/en\/pesquisa-cientifica\/","title":{"rendered":"Scientific research"},"content":{"rendered":"<div data-elementor-type=\"wp-page\" data-elementor-id=\"12498\" class=\"elementor elementor-12498\" data-elementor-post-type=\"page\">\n\t\t\t\t<div class=\"elementor-element elementor-element-62878ff largura-total e-flex e-con-boxed e-con e-parent\" data-id=\"62878ff\" data-element_type=\"container\" data-e-type=\"container\">\n\t\t\t\t\t<div class=\"e-con-inner\">\n\t\t\t\t<div class=\"elementor-element elementor-element-4d84ccd elementor-widget elementor-widget-heading\" data-id=\"4d84ccd\" data-element_type=\"widget\" data-e-type=\"widget\" data-widget_type=\"heading.default\">\n\t\t\t\t<div class=\"elementor-widget-container\">\n\t\t\t\t\t<h4 class=\"elementor-heading-title elementor-size-default\">Are You Interested in Conducting Scientific Research in Partnership with Biologix?<\/h4>\t\t\t\t<\/div>\n\t\t\t\t<\/div>\n\t\t\t\t<div class=\"elementor-element elementor-element-8c462f4 elementor-widget elementor-widget-text-editor\" data-id=\"8c462f4\" data-element_type=\"widget\" data-e-type=\"widget\" data-widget_type=\"text-editor.default\">\n\t\t\t\t<div class=\"elementor-widget-container\">\n\t\t\t\t\t\t\t\t\t<p>Collaborations strengthen our commitment to technological advancement. By joining forces, we accelerate discoveries that contribute to health and promote effective solutions for high-quality sleep.<\/p><p><strong>Please fill out the form below:<\/strong><\/p>\t\t\t\t\t\t\t\t<\/div>\n\t\t\t\t<\/div>\n\t\t\t\t<div class=\"elementor-element elementor-element-d46a8a2 elementor-widget elementor-widget-html\" data-id=\"d46a8a2\" data-element_type=\"widget\" data-e-type=\"widget\" data-widget_type=\"html.default\">\n\t\t\t\t<div class=\"elementor-widget-container\">\n\t\t\t\t\t<div role=\"main\" id=\"site-pesquisa-cientifica-4b9805a838e2b95b3057\"><\/div><script type=\"text\/javascript\" src=\"https:\/\/d335luupugsy2.cloudfront.net\/js\/rdstation-forms\/stable\/rdstation-forms.min.js\"><\/script><script type=\"text\/javascript\"> new RDStationForms('site-pesquisa-cientifica-4b9805a838e2b95b3057', 'UA-128422573-1').createForm();<\/script>\t\t\t\t<\/div>\n\t\t\t\t<\/div>\n\t\t\t\t\t<\/div>\n\t\t\t\t<\/div>\n\t\t\t\t<\/div>","protected":false},"excerpt":{"rendered":"<p>Tem interesse em desenvolver pesquisa cient\u00edfica em parceria com a Biologix? Estabelecer colabora\u00e7\u00f5es refor\u00e7a nosso compromisso com o avan\u00e7o da ci\u00eancia. Ao unir esfor\u00e7os, potencializamos&hellip;<\/p>","protected":false},"author":2,"featured_media":0,"parent":0,"menu_order":0,"comment_status":"closed","ping_status":"closed","template":"","meta":{"footnotes":""},"class_list":["post-12498","page","type-page","status-publish","hentry"],"aioseo_notices":[],"_links":{"self":[{"href":"https:\/\/www.biologix.com.br\/en\/wp-json\/wp\/v2\/pages\/12498","targetHints":{"allow":["GET"]}}],"collection":[{"href":"https:\/\/www.biologix.com.br\/en\/wp-json\/wp\/v2\/pages"}],"about":[{"href":"https:\/\/www.biologix.com.br\/en\/wp-json\/wp\/v2\/types\/page"}],"author":[{"embeddable":true,"href":"https:\/\/www.biologix.com.br\/en\/wp-json\/wp\/v2\/users\/2"}],"replies":[{"embeddable":true,"href":"https:\/\/www.biologix.com.br\/en\/wp-json\/wp\/v2\/comments?post=12498"}],"version-history":[{"count":8,"href":"https:\/\/www.biologix.com.br\/en\/wp-json\/wp\/v2\/pages\/12498\/revisions"}],"predecessor-version":[{"id":12613,"href":"https:\/\/www.biologix.com.br\/en\/wp-json\/wp\/v2\/pages\/12498\/revisions\/12613"}],"wp:attachment":[{"href":"https:\/\/www.biologix.com.br\/en\/wp-json\/wp\/v2\/media?parent=12498"}],"curies":[{"name":"wp","href":"https:\/\/api.w.org\/{rel}","templated":true}]}}