{"id":14090,"date":"2025-12-22T13:46:21","date_gmt":"2025-12-22T16:46:21","guid":{"rendered":"https:\/\/www.biologix.com.br\/?page_id=14090"},"modified":"2025-12-22T13:49:06","modified_gmt":"2025-12-22T16:49:06","slug":"23456teste","status":"publish","type":"page","link":"https:\/\/www.biologix.com.br\/en\/23456teste\/","title":{"rendered":"teste"},"content":{"rendered":"\t\t<div data-elementor-type=\"wp-page\" data-elementor-id=\"14090\" class=\"elementor elementor-14090\" data-elementor-post-type=\"page\">\n\t\t\t\t<div class=\"elementor-element elementor-element-0ea4677 e-con-full e-flex e-con e-parent\" data-id=\"0ea4677\" data-element_type=\"container\" data-e-type=\"container\" data-settings=\"{&quot;background_background&quot;:&quot;classic&quot;}\">\n\t\t\t\t<div class=\"elementor-element elementor-element-6129d43 eael-fluentform-form-button-custom elementor-widget elementor-widget-eael-fluentform\" data-id=\"6129d43\" data-element_type=\"widget\" data-e-type=\"widget\" data-widget_type=\"eael-fluentform.default\">\n\t\t\t\t<div class=\"elementor-widget-container\">\n\t\t\t\t\t        <div class=\"eael-contact-form eael-fluent-form-wrapper clearfix eael-contact-form-align-default\">\n\n            \n            <div class='fluentform ff-default fluentform_wrapper_4 ffs_default_wrap'><form data-form_id=\"4\" id=\"fluentform_4\" class=\"frm-fluent-form fluent_form_4 ff-el-form-top ff_form_instance_4_1 ff-form-loading ffs_default\" data-form_instance=\"ff_form_instance_4_1\" method=\"POST\" data-turnstile_key=\"0x4AAAAAACICOdLMMthPCD1-\" ><fieldset  style=\"border: none!important;margin: 0!important;padding: 0!important;background-color: transparent!important;box-shadow: none!important;outline: none!important; min-inline-size: 100%;\">\n                    <legend class=\"ff_screen_reader_title\" style=\"display: block; margin: 0!important;padding: 0!important;height: 0!important;text-indent: -999999px;width: 0!important;overflow:hidden;\">site-home-fixo<\/legend><input type='hidden' name='__fluent_form_embded_post_id' value='14090' \/><input type=\"hidden\" id=\"_fluentform_4_fluentformnonce\" name=\"_fluentform_4_fluentformnonce\" value=\"38adb8f008\" \/><input type=\"hidden\" name=\"_wp_http_referer\" value=\"\/en\/wp-json\/wp\/v2\/pages\/14090\" \/><div data-type=\"name-element\" data-name=\"names\" class=\" ff-field_container ff-name-field-wrapper\" ><div class='ff-t-container'><div class='ff-t-cell '><div class='ff-el-group ff-el-form-top'><div class=\"ff-el-input--label ff-el-is-required asterisk-right\"><label for='ff_4_names_first_name_' id='label_ff_4_names_first_name_' >Nome<\/label><\/div><div class='ff-el-input--content'><input type=\"text\" name=\"names[first_name]\" id=\"ff_4_names_first_name_\" class=\"ff-el-form-control\" aria-invalid=\"false\" aria-required=true><\/div><\/div><\/div><\/div><\/div><div class='ff-el-group ff-el-form-top'><div class=\"ff-el-input--label ff-el-is-required asterisk-right\"><label for='ff_4_email' id='label_ff_4_email' aria-label=\"E-mail\">E-mail<\/label><\/div><div class='ff-el-input--content'><input type=\"email\" name=\"email\" id=\"ff_4_email\" class=\"ff-el-form-control\" data-name=\"email\"  aria-invalid=\"false\" aria-required=true><\/div><\/div><div class='ff-el-group ff-el-form-top'><div class=\"ff-el-input--label ff-el-is-required asterisk-right\"><label for='ff_4_especialidade' id='label_ff_4_especialidade' aria-label=\"Especialidade\">Especialidade<\/label><\/div><div class='ff-el-input--content'><select name=\"especialidade\" id=\"ff_4_especialidade\" class=\"ff-el-form-control  ff_has_multi_select\" data-name=\"especialidade\" data-calc_value=\"0\"  aria-invalid=\"false\" aria-required=\"true\" aria-labelledby=\"label_ff_4_especialidade\"><option value=\"\">Selecione uma especialidade<\/option><option value=\"Cardiologia\"  >Cardiologia<\/option><option value=\"Cirurgia bari\u00e1trica e metab\u00f3lica\"  >Cirurgia bari\u00e1trica e metab\u00f3lica<\/option><option value=\"Cirurgia geral\"  >Cirurgia geral<\/option><option value=\"Cl\u00ednica m\u00e9dica\"  >Cl\u00ednica m\u00e9dica<\/option><option value=\"Dermatologia\"  >Dermatologia<\/option><option value=\"Diagn\u00f3stico por imagem\"  >Diagn\u00f3stico por imagem<\/option><option value=\"Empresa\"  >Empresa<\/option><option value=\"Endocrinologia\"  >Endocrinologia<\/option><option value=\"Equipamentos m\u00e9dicos\"  >Equipamentos m\u00e9dicos<\/option><option value=\"Farm\u00e1cia\"  >Farm\u00e1cia<\/option><option value=\"Fisioterapia\"  >Fisioterapia<\/option><option value=\"Fonoaudiologia\"  >Fonoaudiologia<\/option><option value=\"Geriatria\"  >Geriatria<\/option><option value=\"Ginecologia\"  >Ginecologia<\/option><option value=\"Hospital\"  >Hospital<\/option><option value=\"Laborat\u00f3rio\"  >Laborat\u00f3rio<\/option><option value=\"Medicina do esporte\"  >Medicina do esporte<\/option><option value=\"Medicina do sono\"  >Medicina do sono<\/option><option value=\"Mioterapia\"  >Mioterapia<\/option><option value=\"Neurologia\"  >Neurologia<\/option><option value=\"Nutri\u00e7\u00e3o\"  >Nutri\u00e7\u00e3o<\/option><option value=\"Odontologia\"  >Odontologia<\/option><option value=\"Odontologia do sono\"  >Odontologia do sono<\/option><option value=\"Ortodontia\"  >Ortodontia<\/option><option value=\"Otorrinolaringologia\"  >Otorrinolaringologia<\/option><option value=\"Periodontia\"  >Periodontia<\/option><option value=\"Pesquisa\"  >Pesquisa<\/option><option value=\"Plano de sa\u00fade\"  >Plano de sa\u00fade<\/option><option value=\"Pneumologia\"  >Pneumologia<\/option><option value=\"Pr\u00f3tese\"  >Pr\u00f3tese<\/option><option value=\"Psiquiatria\"  >Psiquiatria<\/option><option value=\"Reabilita\u00e7\u00e3o oral\"  >Reabilita\u00e7\u00e3o oral<\/option><option value=\"Outra\"  >Outra<\/option><option value=\"Paciente\"  >Paciente<\/option><\/select><\/div><\/div><div class='ff-el-group ff-el-form-top'><div class=\"ff-el-input--label ff-el-is-required asterisk-right\"><label for='ff_4_country-list' id='label_ff_4_country-list' aria-label=\"Pa\u00eds\">Pa\u00eds<\/label><\/div><div class='ff-el-input--content'><select name=\"country-list\" id=\"ff_4_country-list\" class=\"ff-el-form-control ff_has_multi_select\" placeholder=\"Selecione o pa\u00eds\" data-name=\"country-list\" aria-invalid='false' aria-required=true><option value=''>Selecione o pa\u00eds<\/option><option value='AF' >Afghanistan<\/option><option value='AX' >Aland Islands<\/option><option value='AL' >Albania<\/option><option value='DZ' >Algeria<\/option><option value='AS' >American Samoa<\/option><option value='AD' >Andorra<\/option><option value='AO' >Angola<\/option><option value='AI' >Anguilla<\/option><option value='AQ' >Antarctica<\/option><option value='AG' >Antigua and Barbuda<\/option><option value='AR' >Argentina<\/option><option value='AM' >Armenia<\/option><option value='AW' >Aruba<\/option><option value='AU' >Australia<\/option><option value='AT' >Austria<\/option><option value='AZ' >Azerbaijan<\/option><option value='BS' >Bahamas<\/option><option value='BH' >Bahrain<\/option><option value='BD' >Bangladesh<\/option><option value='BB' >Barbados<\/option><option value='BY' >Belarus<\/option><option value='PW' >Belau<\/option><option value='BE' >Belgium<\/option><option value='BZ' >Belize<\/option><option value='BJ' >Benin<\/option><option value='BM' >Bermuda<\/option><option value='BT' >Bhutan<\/option><option value='BO' >Bolivia<\/option><option value='BQ' >Bonaire, Saint Eustatius and Saba<\/option><option value='BA' >Bosnia and Herzegovina<\/option><option value='BW' >Botswana<\/option><option value='BV' >Bouvet Island<\/option><option value='BR' >Brazil<\/option><option value='IO' >British Indian Ocean Territory<\/option><option value='VG' >British Virgin Islands<\/option><option value='BN' >Brunei<\/option><option value='BG' >Bulgaria<\/option><option value='BF' >Burkina Faso<\/option><option value='BI' >Burundi<\/option><option value='KH' >Cambodia<\/option><option value='CM' >Cameroon<\/option><option value='CA' >Canada<\/option><option value='CV' >Cape Verde<\/option><option value='KY' >Cayman Islands<\/option><option value='CF' >Central African Republic<\/option><option value='TD' >Chad<\/option><option value='CL' >Chile<\/option><option value='CN' >China<\/option><option value='CX' >Christmas Island<\/option><option value='CC' >Cocos (Keeling) Islands<\/option><option value='CO' >Colombia<\/option><option value='KM' >Comoros<\/option><option value='CK' >Cook Islands<\/option><option value='CR' >Costa Rica<\/option><option value='HR' >Croatia<\/option><option value='CU' >Cuba<\/option><option value='CW' >Cura\u00e7ao<\/option><option value='CY' >Cyprus<\/option><option value='CZ' >Czech Republic<\/option><option value='CD' >Democratic Republic of the Congo (Kinshasa)<\/option><option value='DK' >Denmark<\/option><option value='DJ' >Djibouti<\/option><option value='DM' >Dominica<\/option><option value='DO' >Dominican Republic<\/option><option value='EC' >Ecuador<\/option><option value='EG' >Egypt<\/option><option value='SV' >El Salvador<\/option><option value='GQ' >Equatorial Guinea<\/option><option value='ER' >Eritrea<\/option><option value='EE' >Estonia<\/option><option value='ET' >Ethiopia<\/option><option value='FK' >Falkland Islands<\/option><option value='FO' >Faroe Islands<\/option><option value='FJ' >Fiji<\/option><option value='FI' >Finland<\/option><option value='FR' >France<\/option><option value='GF' >French Guiana<\/option><option value='PF' >French Polynesia<\/option><option value='TF' >French Southern Territories<\/option><option value='GA' >Gabon<\/option><option value='GM' >Gambia<\/option><option value='GE' >Georgia<\/option><option value='DE' >Germany<\/option><option value='GH' >Ghana<\/option><option value='GI' >Gibraltar<\/option><option value='GR' >Greece<\/option><option value='GL' >Greenland<\/option><option value='GD' >Grenada<\/option><option value='GP' >Guadeloupe<\/option><option value='GU' >Guam<\/option><option value='GT' >Guatemala<\/option><option value='GG' >Guernsey<\/option><option value='GN' >Guinea<\/option><option value='GW' >Guinea-Bissau<\/option><option value='GY' >Guyana<\/option><option value='HT' >Haiti<\/option><option value='HM' >Heard Island and McDonald Islands<\/option><option value='HN' >Honduras<\/option><option value='HK' >Hong Kong<\/option><option value='HU' >Hungary<\/option><option value='IS' >Iceland<\/option><option value='IN' >India<\/option><option value='ID' >Indonesia<\/option><option value='IR' >Iran<\/option><option value='IQ' >Iraq<\/option><option value='IE' >Ireland<\/option><option value='IM' >Isle of Man<\/option><option value='IL' >Israel<\/option><option value='IT' >Italy<\/option><option value='CI' >Ivory Coast<\/option><option value='JM' >Jamaica<\/option><option value='JP' >Japan<\/option><option value='JE' >Jersey<\/option><option value='JO' >Jordan<\/option><option value='KZ' >Kazakhstan<\/option><option value='KE' >Kenya<\/option><option value='KI' >Kiribati<\/option><option value='XK' >Kosovo<\/option><option value='KW' >Kuwait<\/option><option value='KG' >Kyrgyzstan<\/option><option value='LA' >Laos<\/option><option value='LV' >Latvia<\/option><option value='LB' >Lebanon<\/option><option value='LS' >Lesotho<\/option><option value='LR' >Liberia<\/option><option value='LY' >Libya<\/option><option value='LI' >Liechtenstein<\/option><option value='LT' >Lithuania<\/option><option value='LU' >Luxembourg<\/option><option value='MO' >Macao S.A.R., China<\/option><option value='MK' >Macedonia<\/option><option value='MG' >Madagascar<\/option><option value='MW' >Malawi<\/option><option value='MY' >Malaysia<\/option><option value='MV' >Maldives<\/option><option value='ML' >Mali<\/option><option value='MT' >Malta<\/option><option value='MH' >Marshall Islands<\/option><option value='MQ' >Martinique<\/option><option value='MR' >Mauritania<\/option><option value='MU' >Mauritius<\/option><option value='YT' >Mayotte<\/option><option value='MX' >Mexico<\/option><option value='FM' >Micronesia<\/option><option value='MD' >Moldova<\/option><option value='MC' >Monaco<\/option><option value='MN' >Mongolia<\/option><option value='ME' >Montenegro<\/option><option value='MS' >Montserrat<\/option><option value='MA' >Morocco<\/option><option value='MZ' >Mozambique<\/option><option value='MM' >Myanmar<\/option><option value='NA' >Namibia<\/option><option value='NR' >Nauru<\/option><option value='NP' >Nepal<\/option><option value='NL' >Netherlands<\/option><option value='NC' >New Caledonia<\/option><option value='NZ' >New Zealand<\/option><option value='NI' >Nicaragua<\/option><option value='NE' >Niger<\/option><option value='NG' >Nigeria<\/option><option value='NU' >Niue<\/option><option value='NF' >Norfolk Island<\/option><option value='KP' >North Korea<\/option><option value='MP' >Northern Mariana Islands<\/option><option value='NO' >Norway<\/option><option value='OM' >Oman<\/option><option value='PK' >Pakistan<\/option><option value='PS' >Palestinian Territory<\/option><option value='PA' >Panama<\/option><option value='PG' >Papua New Guinea<\/option><option value='PY' >Paraguay<\/option><option value='PE' >Peru<\/option><option value='PH' >Philippines<\/option><option value='PN' >Pitcairn<\/option><option value='PL' >Poland<\/option><option value='PT' >Portugal<\/option><option value='PR' >Puerto Rico<\/option><option value='QA' >Qatar<\/option><option value='CG' >Republic of the Congo (Brazzaville)<\/option><option value='RE' >Reunion<\/option><option value='RO' >Romania<\/option><option value='RU' >Russia<\/option><option value='RW' >Rwanda<\/option><option value='BL' >Saint Barth\u00e9lemy<\/option><option value='SH' >Saint Helena<\/option><option value='KN' >Saint Kitts and Nevis<\/option><option value='LC' >Saint Lucia<\/option><option value='SX' >Saint Martin (Dutch part)<\/option><option value='MF' >Saint Martin (French part)<\/option><option value='PM' >Saint Pierre and Miquelon<\/option><option value='VC' >Saint Vincent and the Grenadines<\/option><option value='WS' >Samoa<\/option><option value='SM' >San Marino<\/option><option value='ST' >Sao Tome and Principe<\/option><option value='SA' >Saudi Arabia<\/option><option value='SN' >Senegal<\/option><option value='RS' >Serbia<\/option><option value='SC' >Seychelles<\/option><option value='SL' >Sierra Leone<\/option><option value='SG' >Singapore<\/option><option value='SK' >Slovakia<\/option><option value='SI' >Slovenia<\/option><option value='SB' >Solomon Islands<\/option><option value='SO' >Somalia<\/option><option value='ZA' >South Africa<\/option><option value='GS' >South Georgia\/Sandwich Islands<\/option><option value='KR' >South Korea<\/option><option value='SS' >South Sudan<\/option><option value='ES' >Spain<\/option><option value='LK' >Sri Lanka<\/option><option value='SD' >Sudan<\/option><option value='SR' >Suriname<\/option><option value='SJ' >Svalbard and Jan Mayen<\/option><option value='SZ' >Swaziland<\/option><option value='SE' >Sweden<\/option><option value='CH' >Switzerland<\/option><option value='SY' >Syria<\/option><option value='TW' >Taiwan<\/option><option value='TJ' >Tajikistan<\/option><option value='TZ' >Tanzania<\/option><option value='TH' >Thailand<\/option><option value='TL' >Timor-Leste<\/option><option value='TG' >Togo<\/option><option value='TK' >Tokelau<\/option><option value='TO' >Tonga<\/option><option value='TT' >Trinidad and Tobago<\/option><option value='TN' >Tunisia<\/option><option value='TM' >Turkmenistan<\/option><option value='TC' >Turks and Caicos Islands<\/option><option value='TV' >Tuvalu<\/option><option value='TR' >T\u00fcrkiye<\/option><option value='UG' >Uganda<\/option><option value='UA' >Ukraine<\/option><option value='AE' >United Arab Emirates<\/option><option value='GB' >United Kingdom (UK)<\/option><option value='US' >United States (US)<\/option><option value='UM' >United States (US) Minor Outlying Islands<\/option><option value='VI' >United States (US) Virgin Islands<\/option><option value='UY' >Uruguay<\/option><option value='UZ' >Uzbekistan<\/option><option value='VU' >Vanuatu<\/option><option value='VA' >Vatican<\/option><option value='VE' >Venezuela<\/option><option value='VN' >Vietnam<\/option><option value='WF' >Wallis and Futuna<\/option><option value='EH' >Western Sahara<\/option><option value='YE' >Yemen<\/option><option value='ZM' >Zambia<\/option><option value='ZW' >Zimbabwe<\/option><\/select><\/div><\/div><div class='ff-el-group ff-el-form-top'><div class=\"ff-el-input--label ff-el-is-required asterisk-right\"><label for='ff_4_telefone_ui' id='label_ff_4_telefone_ui' aria-label=\"Telefone\">Telefone<\/label><\/div><div class='ff-el-input--content'><input type=\"text\" name=\"telefone_ui\" class=\"ff-el-form-control\" data-name=\"telefone_ui\" id=\"ff_4_telefone_ui\"  aria-invalid=\"false\" aria-required=true><\/div><\/div><input type=\"hidden\" name=\"telefone_e164\" data-name=\"telefone_e164\" ><div class='ff-el-group    ff-el-input--content'><div class='ff-el-form-check ff-el-tc'><label aria-label='Terms and Conditions: Concordo em receber contato comercial e autorizo o tratamento dos meus dados conforme a Pol\u00edtica de Privacidade. Contains 1 link. Use tab navigation to review.' class='ff-el-form-check-label ff_tc_label' for=terms-n-condition_de4d4126846ade6861b4234526eecbc7><span class='ff_tc_checkbox'><input type=\"checkbox\" name=\"terms-n-condition\" class=\"ff-el-form-check-input\" data-name=\"terms-n-condition\" id=\"terms-n-condition_de4d4126846ade6861b4234526eecbc7\"  value='on' aria-invalid='false' aria-required=true><\/span> <div class='ff_t_c'><p>Concordo em receber contato comercial e autorizo o tratamento dos meus dados conforme a <a href=\"https:\/\/www.biologix.com.br\/_public\/legal\/privacy_policy-pt.html\">Pol\u00edtica de Privacidade<\/a>.<\/p><\/div><\/label><\/div><\/div><div class='ff-el-group ' ><div class='ff-el-input--content'><div data-fluent_id='4' name='cf-turnstile-response'><div\n\t\tdata-sitekey='0x4AAAAAACICOdLMMthPCD1-'\n\t\tdata-theme='auto'\n\t\tid='fluentform-turnstile-4-1'\n\t\tclass='ff-el-turnstile cf-turnstile'\n\t\tdata-appearance='always'><\/div><\/div><\/div><\/div><div class='ff-el-group ff-text-left ff_submit_btn_wrapper'><button type=\"submit\" class=\"ff-btn ff-btn-submit ff-btn-md ff_btn_no_style\"  aria-label=\"Enviar\">Enviar<\/button><\/div><\/fieldset><\/form><div id='fluentform_4_errors' class='ff-errors-in-stack ff_form_instance_4_1 ff-form-loading_errors ff_form_instance_4_1_errors'><\/div><\/div>            <script type=\"text\/javascript\">\n                window.fluent_form_ff_form_instance_4_1 = {\"id\":\"4\",\"settings\":{\"layout\":{\"labelPlacement\":\"top\",\"asteriskPlacement\":\"asterisk-right\",\"helpMessagePlacement\":\"with_label\",\"errorMessagePlacement\":\"inline\",\"cssClassName\":\"\"},\"restrictions\":{\"denyEmptySubmission\":{\"enabled\":false}}},\"form_instance\":\"ff_form_instance_4_1\",\"form_id_selector\":\"fluentform_4\",\"rules\":{\"names[first_name]\":{\"required\":{\"value\":true,\"message\":\"This field is required\",\"global_message\":\"Este campo \\u00e9 obrigat\\u00f3rio\",\"global\":true}},\"names[middle_name]\":{\"required\":{\"value\":false,\"message\":\"This field is required\",\"global_message\":\"Este campo \\u00e9 obrigat\\u00f3rio\",\"global\":true}},\"names[last_name]\":{\"required\":{\"value\":false,\"message\":\"This field is required\",\"global_message\":\"Este campo \\u00e9 obrigat\\u00f3rio\",\"global\":true}},\"email\":{\"required\":{\"value\":true,\"message\":\"This field is required\",\"global_message\":\"Este campo \\u00e9 obrigat\\u00f3rio\",\"global\":true},\"email\":{\"value\":true,\"message\":\"This field must contain a valid email\",\"global_message\":\"Este campo deve conter um e-mail v\\u00e1lido\",\"global\":true}},\"especialidade\":{\"required\":{\"value\":true,\"message\":\"This field is required\",\"global_message\":\"Este campo \\u00e9 obrigat\\u00f3rio\",\"global\":true}},\"country-list\":{\"required\":{\"value\":true,\"message\":\"This field is required\",\"global_message\":\"Este campo \\u00e9 obrigat\\u00f3rio\",\"global\":true}},\"telefone_ui\":{\"required\":{\"value\":true,\"message\":\"This field is required\",\"global_message\":\"Este campo \\u00e9 obrigat\\u00f3rio\",\"global\":true}},\"terms-n-condition\":{\"required\":{\"value\":true,\"message\":\"This field is required\",\"global_message\":\"Este campo \\u00e9 obrigat\\u00f3rio\",\"global\":true}},\"cf-turnstile-response\":[]},\"debounce_time\":300};\n                            <\/script>\n                    <\/div>\n\n        \t\t\t\t<\/div>\n\t\t\t\t<\/div>\n\t\t\t\t<\/div>\n\t\t\t\t<\/div>\n\t\t","protected":false},"excerpt":{"rendered":"<p>homepage-fixo NomeE-mailPa\u00edsSelecione o pa\u00edsAfeganist\u00e3oAlb\u00e2niaAlemanhaAndorraAngolaAnguilaAnt\u00e1rticaAnt\u00edgua e BarbudaArgentinaArg\u00e9liaArm\u00eaniaArubaAr\u00e1bia SauditaAustr\u00e1liaAzerbaij\u00e3oBahamasBahreinBangladeshBarbadosBelauBelizeBenimBermudasBielorr\u00fassiaBol\u00edviaBonaire, Santo Eust\u00e1quio e SabaBotsuanaBrasilBruneiBulg\u00e1riaBurkina FasoBurundiBut\u00e3oB\u00e9lgicaB\u00f3snia e HerzegovinaCamar\u00f5esCambojaCanad\u00e1Cape VerdeCatarCazaquist\u00e3oChadeChileChinaChipreCingapuraCol\u00f4mbiaComoresCoreia do SulCor\u00e9ia do NorteCosta RicaCosta do MarfimCro\u00e1ciaCubaCura\u00e7aoDinamarcaDjibutiDominicaEgitoEl SalvadorEmirados \u00c1rabes UnidosEquadorEritreiaEslov\u00e1quiaEslov\u00eaniaEspanhaEstados&hellip;<\/p>","protected":false},"author":15,"featured_media":0,"parent":0,"menu_order":0,"comment_status":"closed","ping_status":"closed","template":"","meta":{"footnotes":""},"class_list":["post-14090","page","type-page","status-publish","hentry"],"aioseo_notices":[],"_links":{"self":[{"href":"https:\/\/www.biologix.com.br\/en\/wp-json\/wp\/v2\/pages\/14090","targetHints":{"allow":["GET"]}}],"collection":[{"href":"https:\/\/www.biologix.com.br\/en\/wp-json\/wp\/v2\/pages"}],"about":[{"href":"https:\/\/www.biologix.com.br\/en\/wp-json\/wp\/v2\/types\/page"}],"author":[{"embeddable":true,"href":"https:\/\/www.biologix.com.br\/en\/wp-json\/wp\/v2\/users\/15"}],"replies":[{"embeddable":true,"href":"https:\/\/www.biologix.com.br\/en\/wp-json\/wp\/v2\/comments?post=14090"}],"version-history":[{"count":4,"href":"https:\/\/www.biologix.com.br\/en\/wp-json\/wp\/v2\/pages\/14090\/revisions"}],"predecessor-version":[{"id":14095,"href":"https:\/\/www.biologix.com.br\/en\/wp-json\/wp\/v2\/pages\/14090\/revisions\/14095"}],"wp:attachment":[{"href":"https:\/\/www.biologix.com.br\/en\/wp-json\/wp\/v2\/media?parent=14090"}],"curies":[{"name":"wp","href":"https:\/\/api.w.org\/{rel}","templated":true}]}}