{"id":5228,"date":"2021-06-02T11:43:02","date_gmt":"2021-06-02T14:43:02","guid":{"rendered":"https:\/\/www.biologix.com.br\/?page_id=5228"},"modified":"2021-06-02T11:53:21","modified_gmt":"2021-06-02T14:53:21","slug":"midia","status":"publish","type":"page","link":"https:\/\/www.biologix.com.br\/en\/midia\/","title":{"rendered":"In the media"},"content":{"rendered":"<div data-elementor-type=\"wp-post\" data-elementor-id=\"5228\" class=\"elementor elementor-5228\" data-elementor-post-type=\"page\">\n\t\t\t\t\t\t<section class=\"elementor-section elementor-top-section elementor-element elementor-element-c7127bc elementor-section-full_width elementor-section-height-min-height elementor-section-height-default elementor-section-items-middle\" data-id=\"c7127bc\" data-element_type=\"section\" data-e-type=\"section\">\n\t\t\t\t\t\t<div class=\"elementor-container elementor-column-gap-default\">\n\t\t\t\t\t<div class=\"elementor-column elementor-col-100 elementor-top-column elementor-element elementor-element-3c3a71d\" data-id=\"3c3a71d\" data-element_type=\"column\" data-e-type=\"column\">\n\t\t\t<div class=\"elementor-widget-wrap elementor-element-populated\">\n\t\t\t\t\t\t<div class=\"elementor-element elementor-element-c45e447 elementor-widget elementor-widget-spacer\" data-id=\"c45e447\" data-element_type=\"widget\" data-e-type=\"widget\" data-widget_type=\"spacer.default\">\n\t\t\t\t<div class=\"elementor-widget-container\">\n\t\t\t\t\t\t\t<div class=\"elementor-spacer\">\n\t\t\t<div class=\"elementor-spacer-inner\"><\/div>\n\t\t<\/div>\n\t\t\t\t\t\t<\/div>\n\t\t\t\t<\/div>\n\t\t\t\t<div class=\"elementor-element elementor-element-f974e80 elementor-widget elementor-widget-heading\" data-id=\"f974e80\" data-element_type=\"widget\" data-e-type=\"widget\" data-widget_type=\"heading.default\">\n\t\t\t\t<div class=\"elementor-widget-container\">\n\t\t\t\t\t<h2 class=\"elementor-heading-title elementor-size-default\">In the media<\/h2>\t\t\t\t<\/div>\n\t\t\t\t<\/div>\n\t\t\t\t<div class=\"elementor-element elementor-element-72d78b2 elementor-widget elementor-widget-text-editor\" data-id=\"72d78b2\" data-element_type=\"widget\" data-e-type=\"widget\" data-widget_type=\"text-editor.default\">\n\t\t\t\t<div class=\"elementor-widget-container\">\n\t\t\t\t\t\t\t\t\t<p><a href=\"http:\/\/www.biologix.com.br\/en\/\"><span style=\"text-decoration: underline;\">voltar<\/span><\/a><\/p>\t\t\t\t\t\t\t\t<\/div>\n\t\t\t\t<\/div>\n\t\t\t\t\t<\/div>\n\t\t<\/div>\n\t\t\t\t\t<\/div>\n\t\t<\/section>\n\t\t\t\t<section class=\"elementor-section elementor-top-section elementor-element elementor-element-67ab495 elementor-section-boxed elementor-section-height-default elementor-section-height-default\" data-id=\"67ab495\" data-element_type=\"section\" data-e-type=\"section\">\n\t\t\t\t\t\t<div class=\"elementor-container elementor-column-gap-default\">\n\t\t\t\t\t<div class=\"elementor-column elementor-col-100 elementor-top-column elementor-element elementor-element-ef43c63\" data-id=\"ef43c63\" data-element_type=\"column\" data-e-type=\"column\">\n\t\t\t<div class=\"elementor-widget-wrap elementor-element-populated\">\n\t\t\t\t\t\t<div class=\"elementor-element elementor-element-330c177 elementor-widget elementor-widget-gallery\" data-id=\"330c177\" data-element_type=\"widget\" data-e-type=\"widget\" data-settings=\"{&quot;columns&quot;:6,&quot;gap&quot;:{&quot;unit&quot;:&quot;px&quot;,&quot;size&quot;:56,&quot;sizes&quot;:[]},&quot;link_to&quot;:&quot;custom&quot;,&quot;aspect_ratio&quot;:&quot;21:9&quot;,&quot;columns_mobile&quot;:4,&quot;gap_mobile&quot;:{&quot;unit&quot;:&quot;px&quot;,&quot;size&quot;:16,&quot;sizes&quot;:[]},&quot;lazyload&quot;:&quot;yes&quot;,&quot;gallery_layout&quot;:&quot;grid&quot;,&quot;columns_tablet&quot;:2,&quot;gap_tablet&quot;:{&quot;unit&quot;:&quot;px&quot;,&quot;size&quot;:10,&quot;sizes&quot;:[]},&quot;url&quot;:{&quot;url&quot;:&quot;&quot;,&quot;is_external&quot;:&quot;&quot;,&quot;nofollow&quot;:&quot;&quot;,&quot;custom_attributes&quot;:&quot;&quot;},&quot;content_hover_animation&quot;:&quot;fade-in&quot;}\" data-widget_type=\"gallery.default\">\n\t\t\t\t<div class=\"elementor-widget-container\">\n\t\t\t\t\t\t\t<div class=\"elementor-gallery__container\">\n\t\t\t\t\t\t\t<a class=\"e-gallery-item elementor-gallery-item elementor-animated-content\">\n\t\t\t\t\t<div class=\"e-gallery-image elementor-gallery-item__image\" data-thumbnail=\"https:\/\/www.biologix.com.br\/wp-content\/uploads\/2020\/09\/0002_transamerica.png\" data-width=\"180\" data-height=\"180\" aria-label=\"Transam\u00e9rica https:\/\/drive.google.com\/file\/d\/1gXyBDt0HdyuY8z-xKTijgbtFniJ0KzCK\/view\" role=\"img\" ><\/div>\n\t\t\t\t\t\t\t\t\t\t\t\t\t\t<\/a>\n\t\t\t\t\t\t\t<a class=\"e-gallery-item elementor-gallery-item elementor-animated-content\">\n\t\t\t\t\t<div class=\"e-gallery-image elementor-gallery-item__image\" data-thumbnail=\"https:\/\/www.biologix.com.br\/wp-content\/uploads\/2020\/10\/lado-a-lado.png\" data-width=\"300\" data-height=\"84\" aria-label=\"Instituto lado a lado pela vida https:\/\/ladoaladopelavida.org.br\/detalhe-noticia-ser-informacao\/tecnologia-permite-monitorar-a-distancia-pacientes-com-suspeita-ou-sintomas-brandos-de-covid-19\" role=\"img\" ><\/div>\n\t\t\t\t\t\t\t\t\t\t\t\t\t\t<\/a>\n\t\t\t\t\t\t\t<a class=\"e-gallery-item elementor-gallery-item elementor-animated-content\">\n\t\t\t\t\t<div class=\"e-gallery-image elementor-gallery-item__image\" data-thumbnail=\"https:\/\/www.biologix.com.br\/wp-content\/uploads\/2020\/10\/visao-hospitalar.png\" data-width=\"300\" data-height=\"95\" aria-label=\"Vis\u00e3o Hospitalar https:\/\/revistavisaohospitalar.com.br\/pacientes-sao-monitorados-por-sistema-medico-remoto\/\" role=\"img\" ><\/div>\n\t\t\t\t\t\t\t\t\t\t\t\t\t\t<\/a>\n\t\t\t\t\t\t\t<a class=\"e-gallery-item elementor-gallery-item elementor-animated-content\">\n\t\t\t\t\t<div class=\"e-gallery-image elementor-gallery-item__image\" data-thumbnail=\"https:\/\/www.biologix.com.br\/wp-content\/uploads\/2020\/09\/0012_peb-med.png\" data-width=\"180\" data-height=\"48\" aria-label=\"PebMed https:\/\/pebmed.com.br\/covid-19-oximetro-desenvolvido-no-brasil-monitora-remotamente-oxigenacao-de-pacientes\/\" role=\"img\" ><\/div>\n\t\t\t\t\t\t\t\t\t\t\t\t\t\t<\/a>\n\t\t\t\t\t\t\t<a class=\"e-gallery-item elementor-gallery-item elementor-animated-content\">\n\t\t\t\t\t<div class=\"e-gallery-image elementor-gallery-item__image\" data-thumbnail=\"https:\/\/www.biologix.com.br\/wp-content\/uploads\/2020\/10\/brasil247.png\" data-width=\"300\" data-height=\"300\" aria-label=\"Brasil 247 https:\/\/www.brasil247.com\/coronavirus\/equipamento-brasileiro-permite-monitorar-remotamente-oxigenacao-de-pacientes-com-covid-19-ou6ctjv0\" role=\"img\" ><\/div>\n\t\t\t\t\t\t\t\t\t\t\t\t\t\t<\/a>\n\t\t\t\t\t\t\t<a class=\"e-gallery-item elementor-gallery-item elementor-animated-content\">\n\t\t\t\t\t<div class=\"e-gallery-image elementor-gallery-item__image\" data-thumbnail=\"https:\/\/www.biologix.com.br\/wp-content\/uploads\/2020\/10\/inteligencia-inovaccca7acc83o.png\" data-width=\"217\" data-height=\"232\" aria-label=\"Intelig\u00eancia e inova\u00e7\u00e3o https:\/\/inteligenciaeinovacao.com\/tecnologia-da-biologix-permite-monitorar-a-distancia-pacientes-com-suspeita-ou-sintomas-de-covid-19\/?fbclid=IwAR0EmgWT7lQ8hRX1bZCAEKH5S0PkFMa9vSepqBwikG3oKt7pT33HMTIn1XA\" role=\"img\" ><\/div>\n\t\t\t\t\t\t\t\t\t\t\t\t\t\t<\/a>\n\t\t\t\t\t\t\t<a class=\"e-gallery-item elementor-gallery-item elementor-animated-content\">\n\t\t\t\t\t<div class=\"e-gallery-image elementor-gallery-item__image\" data-thumbnail=\"https:\/\/www.biologix.com.br\/wp-content\/uploads\/2020\/09\/0023_ebc.png\" data-width=\"179\" data-height=\"109\" aria-label=\"EBC https:\/\/radios.ebc.com.br\/revista-brasil\/2020\/04\/oximetro-de-alta-resolucao-pode-ajudar-monitorar-remotamente-pacientes-com\" role=\"img\" ><\/div>\n\t\t\t\t\t\t\t\t\t\t\t\t\t\t<\/a>\n\t\t\t\t\t\t\t<a class=\"e-gallery-item elementor-gallery-item elementor-animated-content\">\n\t\t\t\t\t<div class=\"e-gallery-image elementor-gallery-item__image\" data-thumbnail=\"https:\/\/www.biologix.com.br\/wp-content\/uploads\/2020\/09\/0005_simpro.png\" data-width=\"180\" data-height=\"67\" aria-label=\"SimPRO https:\/\/www.simpro.com.br\/PortalPages\/VisualizadorNoticia.aspx?idNoticia=3531\" role=\"img\" ><\/div>\n\t\t\t\t\t\t\t\t\t\t\t\t\t\t<\/a>\n\t\t\t\t\t\t\t<a class=\"e-gallery-item elementor-gallery-item elementor-animated-content\">\n\t\t\t\t\t<div class=\"e-gallery-image elementor-gallery-item__image\" data-thumbnail=\"https:\/\/www.biologix.com.br\/wp-content\/uploads\/2020\/09\/0024_channel-360.png\" data-width=\"180\" data-height=\"108\" aria-label=\"Channel 360 https:\/\/www.channel360.com.br\/startups-servicos-combate-coronavirus\/\" role=\"img\" ><\/div>\n\t\t\t\t\t\t\t\t\t\t\t\t\t\t<\/a>\n\t\t\t\t\t\t\t<a class=\"e-gallery-item elementor-gallery-item elementor-animated-content\">\n\t\t\t\t\t<div class=\"e-gallery-image elementor-gallery-item__image\" data-thumbnail=\"https:\/\/www.biologix.com.br\/wp-content\/uploads\/2020\/10\/veja.png\" data-width=\"299\" data-height=\"141\" aria-label=\"Veja https:\/\/saude.abril.com.br\/tv-saude\/entrevistas\/telemedicina-e-tecnologia-em-tempos-de-covid-19\/\" role=\"img\" ><\/div>\n\t\t\t\t\t\t\t\t\t\t\t\t\t\t<\/a>\n\t\t\t\t\t\t\t<a class=\"e-gallery-item elementor-gallery-item elementor-animated-content\">\n\t\t\t\t\t<div class=\"e-gallery-image elementor-gallery-item__image\" data-thumbnail=\"https:\/\/www.biologix.com.br\/wp-content\/uploads\/2020\/09\/0004_tedx.png\" data-width=\"180\" data-height=\"53\" aria-label=\"TEDx https:\/\/www.youtube.com\/watch?v=BrYaRghjm_0\" role=\"img\" ><\/div>\n\t\t\t\t\t\t\t\t\t\t\t\t\t\t<\/a>\n\t\t\t\t\t\t\t<a class=\"e-gallery-item elementor-gallery-item elementor-animated-content\">\n\t\t\t\t\t<div class=\"e-gallery-image elementor-gallery-item__image\" data-thumbnail=\"https:\/\/www.biologix.com.br\/wp-content\/uploads\/2020\/09\/0019_leia-ja.png\" data-width=\"178\" data-height=\"52\" aria-label=\"Leia J\u00e1 https:\/\/m.leiaja.com\/noticias\/2020\/04\/30\/manter-rotina-ajuda-ter-um-sono-mais-saudavel\/\" role=\"img\" ><\/div>\n\t\t\t\t\t\t\t\t\t\t\t\t\t\t<\/a>\n\t\t\t\t\t\t\t<a class=\"e-gallery-item elementor-gallery-item elementor-animated-content\">\n\t\t\t\t\t<div class=\"e-gallery-image elementor-gallery-item__image\" data-thumbnail=\"https:\/\/www.biologix.com.br\/wp-content\/uploads\/2020\/09\/0003_ti-inside.png\" data-width=\"180\" data-height=\"50\" aria-label=\"TI inside https:\/\/tiinside.com.br\/23\/04\/2020\/healthtech-cria-dispositivo-que-pode-detectar-sintomas-da-coronavirus-a-distancia\/\" role=\"img\" ><\/div>\n\t\t\t\t\t\t\t\t\t\t\t\t\t\t<\/a>\n\t\t\t\t\t\t\t<a class=\"e-gallery-item elementor-gallery-item elementor-animated-content\">\n\t\t\t\t\t<div class=\"e-gallery-image elementor-gallery-item__image\" data-thumbnail=\"https:\/\/www.biologix.com.br\/wp-content\/uploads\/2020\/10\/uol-viva-bem.png\" data-width=\"291\" data-height=\"61\" aria-label=\"VivaBem UOL https:\/\/www.uol.com.br\/vivabem\/noticias\/redacao\/2019\/03\/20\/testei-o-exame-de-polissonografia-caseiro.htm?fbclid=IwAR3zJIJpVERn30qpBfHVLY-meIE_tTPZvQs4nr2bFydId6PTfGn8QwboRmE\" role=\"img\" ><\/div>\n\t\t\t\t\t\t\t\t\t\t\t\t\t\t<\/a>\n\t\t\t\t\t\t\t<a class=\"e-gallery-item elementor-gallery-item elementor-animated-content\">\n\t\t\t\t\t<div class=\"e-gallery-image elementor-gallery-item__image\" data-thumbnail=\"https:\/\/www.biologix.com.br\/wp-content\/uploads\/2020\/09\/0011_pfarma.png\" data-width=\"180\" data-height=\"92\" aria-label=\"Pfarm https:\/\/pfarma.com.br\/coronavirus\/5592-biologix-covid19.html\" role=\"img\" ><\/div>\n\t\t\t\t\t\t\t\t\t\t\t\t\t\t<\/a>\n\t\t\t\t\t\t\t<a class=\"e-gallery-item elementor-gallery-item elementor-animated-content\">\n\t\t\t\t\t<div class=\"e-gallery-image elementor-gallery-item__image\" data-thumbnail=\"https:\/\/www.biologix.com.br\/wp-content\/uploads\/2020\/09\/0025_cnn.png\" data-width=\"180\" data-height=\"84\" aria-label=\"CNN\" role=\"img\" ><\/div>\n\t\t\t\t\t\t\t\t\t\t\t\t\t\t<\/a>\n\t\t\t\t\t\t\t<a class=\"e-gallery-item elementor-gallery-item elementor-animated-content\">\n\t\t\t\t\t<div class=\"e-gallery-image elementor-gallery-item__image\" data-thumbnail=\"https:\/\/www.biologix.com.br\/wp-content\/uploads\/2020\/09\/0017_bem-estar.png\" data-width=\"180\" data-height=\"77\" aria-label=\"Bem Estar\" role=\"img\" ><\/div>\n\t\t\t\t\t\t\t\t\t\t\t\t\t\t<\/a>\n\t\t\t\t\t\t\t<a class=\"e-gallery-item elementor-gallery-item elementor-animated-content\">\n\t\t\t\t\t<div class=\"e-gallery-image elementor-gallery-item__image\" data-thumbnail=\"https:\/\/www.biologix.com.br\/wp-content\/uploads\/2020\/09\/0016_alta.png\" data-width=\"180\" data-height=\"148\" aria-label=\"Alta https:\/\/altadiagnosticos.com.br\/saude\/apneia-do-sono-sintomas-e-como-tratar\" role=\"img\" ><\/div>\n\t\t\t\t\t\t\t\t\t\t\t\t\t\t<\/a>\n\t\t\t\t\t\t\t<a class=\"e-gallery-item elementor-gallery-item elementor-animated-content\">\n\t\t\t\t\t<div class=\"e-gallery-image elementor-gallery-item__image\" data-thumbnail=\"https:\/\/www.biologix.com.br\/wp-content\/uploads\/2020\/09\/0026_brazil-journal.png\" data-width=\"180\" data-height=\"22\" aria-label=\"Brazil Journal https:\/\/braziljournal.com\/na-biologix-uma-startup-para-dormir-tranquilo\" role=\"img\" ><\/div>\n\t\t\t\t\t\t\t\t\t\t\t\t\t\t<\/a>\n\t\t\t\t\t\t\t<a class=\"e-gallery-item elementor-gallery-item elementor-animated-content\">\n\t\t\t\t\t<div class=\"e-gallery-image elementor-gallery-item__image\" data-thumbnail=\"https:\/\/www.biologix.com.br\/wp-content\/uploads\/2020\/09\/0000_uol-economia.png\" data-width=\"180\" data-height=\"20\" aria-label=\"UOL Economia https:\/\/economia.uol.com.br\/especiais\/conteudo-de-marca\/guide-ideias-que-guiam.htm#ideias-que-guiam\" role=\"img\" ><\/div>\n\t\t\t\t\t\t\t\t\t\t\t\t\t\t<\/a>\n\t\t\t\t\t\t\t<a class=\"e-gallery-item elementor-gallery-item elementor-animated-content\">\n\t\t\t\t\t<div class=\"e-gallery-image elementor-gallery-item__image\" data-thumbnail=\"https:\/\/www.biologix.com.br\/wp-content\/uploads\/2020\/09\/0027_agrosoft.png\" data-width=\"180\" data-height=\"34\" aria-label=\"Agrosoft https:\/\/www.agrosoft.com.br\/2020\/07\/27\/sistema-monitora-pacientes-com-covid-19-cienciasp\/\" role=\"img\" ><\/div>\n\t\t\t\t\t\t\t\t\t\t\t\t\t\t<\/a>\n\t\t\t\t\t\t\t<a class=\"e-gallery-item elementor-gallery-item elementor-animated-content\">\n\t\t\t\t\t<div class=\"e-gallery-image elementor-gallery-item__image\" data-thumbnail=\"https:\/\/www.biologix.com.br\/wp-content\/uploads\/2020\/10\/pequenas-empresas-grandes-negocios.png\" data-width=\"300\" data-height=\"142\" aria-label=\"Pequenas Empresas Grandes Neg\u00f3cios https:\/\/revistapegn.globo.com\/Startups\/noticia\/2020\/05\/tecnologia-permite-monitorar-distancia-pacientes-com-suspeita-ou-sintomas-brandos-de-coronavirus.html\" role=\"img\" ><\/div>\n\t\t\t\t\t\t\t\t\t\t\t\t\t\t<\/a>\n\t\t\t\t\t\t\t<a class=\"e-gallery-item elementor-gallery-item elementor-animated-content\">\n\t\t\t\t\t<div class=\"e-gallery-image elementor-gallery-item__image\" data-thumbnail=\"https:\/\/www.biologix.com.br\/wp-content\/uploads\/2020\/09\/0007_saude-business.png\" data-width=\"180\" data-height=\"46\" aria-label=\"Sa\u00fade Business https:\/\/saudebusiness.com\/ti-e-inovacao\/startup-brasileira-tem-solucao-para-monitoramento-remoto-de-pacientes-com-covid-19\/\" role=\"img\" ><\/div>\n\t\t\t\t\t\t\t\t\t\t\t\t\t\t<\/a>\n\t\t\t\t\t\t\t<a class=\"e-gallery-item elementor-gallery-item elementor-animated-content\">\n\t\t\t\t\t<div class=\"e-gallery-image elementor-gallery-item__image\" data-thumbnail=\"https:\/\/www.biologix.com.br\/wp-content\/uploads\/2020\/09\/0014_o-globo.png\" data-width=\"180\" data-height=\"29\" aria-label=\"O Globo https:\/\/oglobo.globo.com\/sociedade\/saude\/saude-e-inovacao\/dispositivo-traz-novidades-em-monitoramento-da-apneia-do-sono-23371815\" role=\"img\" ><\/div>\n\t\t\t\t\t\t\t\t\t\t\t\t\t\t<\/a>\n\t\t\t\t\t\t\t<a class=\"e-gallery-item elementor-gallery-item elementor-animated-content\">\n\t\t\t\t\t<div class=\"e-gallery-image elementor-gallery-item__image\" data-thumbnail=\"https:\/\/www.biologix.com.br\/wp-content\/uploads\/2020\/10\/cultura.png\" data-width=\"300\" data-height=\"252\" aria-label=\"TV Cultura https:\/\/tvcultura.com.br\/videos\/68470_panorama-a-qualidade-do-sono-do-brasileiro-26-03-2019.html\" role=\"img\" ><\/div>\n\t\t\t\t\t\t\t\t\t\t\t\t\t\t<\/a>\n\t\t\t\t\t\t\t<a class=\"e-gallery-item elementor-gallery-item elementor-animated-content\">\n\t\t\t\t\t<div class=\"e-gallery-image elementor-gallery-item__image\" data-thumbnail=\"https:\/\/www.biologix.com.br\/wp-content\/uploads\/2020\/10\/g1.png\" data-width=\"300\" data-height=\"192\" aria-label=\"G1 https:\/\/g1.globo.com\/bemestar\/coronavirus\/noticia\/2020\/05\/19\/equipamento-brasileiro-permite-monitorar-remotamente-oxigenacao-de-pacientes-com-covid-19.ghtml\" role=\"img\" ><\/div>\n\t\t\t\t\t\t\t\t\t\t\t\t\t\t<\/a>\n\t\t\t\t\t\t\t<a class=\"e-gallery-item elementor-gallery-item elementor-animated-content\">\n\t\t\t\t\t<div class=\"e-gallery-image elementor-gallery-item__image\" data-thumbnail=\"https:\/\/www.biologix.com.br\/wp-content\/uploads\/2020\/10\/galileu.png\" data-width=\"300\" data-height=\"130\" aria-label=\"Revista Galileu https:\/\/revistagalileu.globo.com\/Ciencia\/Saude\/noticia\/2020\/04\/sensor-pode-monitorar-sinais-clinicos-de-pacientes-com-covid-19-distancia.html\" role=\"img\" ><\/div>\n\t\t\t\t\t\t\t\t\t\t\t\t\t\t<\/a>\n\t\t\t\t\t\t\t<a class=\"e-gallery-item elementor-gallery-item elementor-animated-content\">\n\t\t\t\t\t<div class=\"e-gallery-image elementor-gallery-item__image\" data-thumbnail=\"https:\/\/www.biologix.com.br\/wp-content\/uploads\/2020\/09\/0001_uol.png\" data-width=\"180\" data-height=\"59\" aria-label=\"UOL https:\/\/www.uol.com.br\/vivabem\/noticias\/redacao\/2020\/05\/31\/aparelho-monitora-de-forma-remota-oxigenio-em-pacientes-com-covid-19.htm\" role=\"img\" ><\/div>\n\t\t\t\t\t\t\t\t\t\t\t\t\t\t<\/a>\n\t\t\t\t\t\t\t<a class=\"e-gallery-item elementor-gallery-item elementor-animated-content\">\n\t\t\t\t\t<div class=\"e-gallery-image elementor-gallery-item__image\" data-thumbnail=\"https:\/\/www.biologix.com.br\/wp-content\/uploads\/2020\/09\/0015_metro.png\" data-width=\"180\" data-height=\"59\" aria-label=\"Metro https:\/\/www.metrojornal.com.br\/colunistas\/2019\/04\/01\/exame-simples-detecta-apneia-sono-em-casa-sem-fios.html\" role=\"img\" ><\/div>\n\t\t\t\t\t\t\t\t\t\t\t\t\t\t<\/a>\n\t\t\t\t\t\t\t<a class=\"e-gallery-item elementor-gallery-item elementor-animated-content\">\n\t\t\t\t\t<div class=\"e-gallery-image elementor-gallery-item__image\" data-thumbnail=\"https:\/\/www.biologix.com.br\/wp-content\/uploads\/2020\/09\/0010_premio-abril-dasa.png\" data-width=\"180\" data-height=\"73\" aria-label=\"Abril &amp; Dasa http:\/\/premiodeinovacaomedica.com.br\/conheca-os-projetos\" role=\"img\" ><\/div>\n\t\t\t\t\t\t\t\t\t\t\t\t\t\t<\/a>\n\t\t\t\t\t\t\t<a class=\"e-gallery-item elementor-gallery-item elementor-animated-content\">\n\t\t\t\t\t<div class=\"e-gallery-image elementor-gallery-item__image\" data-thumbnail=\"https:\/\/www.biologix.com.br\/wp-content\/uploads\/2020\/10\/istoe.png\" data-width=\"298\" data-height=\"96\" aria-label=\"\" role=\"img\" ><\/div>\n\t\t\t\t\t\t\t\t\t\t\t\t\t\t<\/a>\n\t\t\t\t\t\t\t<a class=\"e-gallery-item elementor-gallery-item elementor-animated-content\">\n\t\t\t\t\t<div class=\"e-gallery-image elementor-gallery-item__image\" data-thumbnail=\"https:\/\/www.biologix.com.br\/wp-content\/uploads\/2020\/10\/panorama.png\" data-width=\"300\" data-height=\"62\" aria-label=\"Panorama https:\/\/www.youtube.com\/watch?v=pR-OUZnlE2E&amp;feature=youtu.be\" role=\"img\" ><\/div>\n\t\t\t\t\t\t\t\t\t\t\t\t\t\t<\/a>\n\t\t\t\t\t\t\t<a class=\"e-gallery-item elementor-gallery-item elementor-animated-content\">\n\t\t\t\t\t<div class=\"e-gallery-image elementor-gallery-item__image\" data-thumbnail=\"https:\/\/www.biologix.com.br\/wp-content\/uploads\/2020\/09\/0009_record-tv.png\" data-width=\"180\" data-height=\"180\" aria-label=\"RecordTV https:\/\/recordtv.r7.com\/fala-brasil\/videos\/nova-tecnologia-promete-facilitar-exame-que-detecta-apneia-do-sono-18012019\" role=\"img\" ><\/div>\n\t\t\t\t\t\t\t\t\t\t\t\t\t\t<\/a>\n\t\t\t\t\t\t\t<a class=\"e-gallery-item elementor-gallery-item elementor-animated-content\">\n\t\t\t\t\t<div class=\"e-gallery-image elementor-gallery-item__image\" data-thumbnail=\"https:\/\/www.biologix.com.br\/wp-content\/uploads\/2020\/09\/0008_ric-mais.png\" data-width=\"180\" data-height=\"50\" aria-label=\"Ric Mais https:\/\/ricmais.com.br\/noticias\/startup-brasileira-tem-solucao-para-monitoramento-remoto-de-pacientes-com-covid-19\/\" role=\"img\" ><\/div>\n\t\t\t\t\t\t\t\t\t\t\t\t\t\t<\/a>\n\t\t\t\t\t\t\t<a class=\"e-gallery-item elementor-gallery-item elementor-animated-content\">\n\t\t\t\t\t<div class=\"e-gallery-image elementor-gallery-item__image\" data-thumbnail=\"https:\/\/www.biologix.com.br\/wp-content\/uploads\/2020\/10\/fapesp.png\" data-width=\"300\" data-height=\"67\" aria-label=\"\" role=\"img\" ><\/div>\n\t\t\t\t\t\t\t\t\t\t\t\t\t\t<\/a>\n\t\t\t\t\t\t\t<a class=\"e-gallery-item elementor-gallery-item elementor-animated-content\">\n\t\t\t\t\t<div class=\"e-gallery-image elementor-gallery-item__image\" data-thumbnail=\"https:\/\/www.biologix.com.br\/wp-content\/uploads\/2020\/09\/0021_flipboard.png\" data-width=\"180\" data-height=\"35\" aria-label=\"Flipboard https:\/\/flipboard.com\/@flipboardbr\/ci-ncia-54kar8tdz\/sensor-pode-monitorar-sinais-cl-nicos-de-pacientes-com-covid-19-a-dist-ncia\/a-bLEm75rrT_WQnEorEYyhpg%3Aa%3A39599696-82896506e1%2Fglobo.com\" role=\"img\" ><\/div>\n\t\t\t\t\t\t\t\t\t\t\t\t\t\t<\/a>\n\t\t\t\t\t\t\t<a class=\"e-gallery-item elementor-gallery-item elementor-animated-content\">\n\t\t\t\t\t<div class=\"e-gallery-image elementor-gallery-item__image\" data-thumbnail=\"https:\/\/www.biologix.com.br\/wp-content\/uploads\/2020\/10\/doutor-refugo.png\" data-width=\"300\" data-height=\"130\" aria-label=\"Doutor Refugo http:\/\/www.refugo.hol.es\/sensor-pode-monitorar-sinais-clinicos-de-pacientes-com-covid-19-a-distancia.html\" role=\"img\" ><\/div>\n\t\t\t\t\t\t\t\t\t\t\t\t\t\t<\/a>\n\t\t\t\t\t\t\t<a class=\"e-gallery-item elementor-gallery-item elementor-animated-content\">\n\t\t\t\t\t<div class=\"e-gallery-image elementor-gallery-item__image\" data-thumbnail=\"https:\/\/www.biologix.com.br\/wp-content\/uploads\/2020\/10\/globo-com.png\" data-width=\"298\" data-height=\"68\" aria-label=\"Globo.com https:\/\/globoplay.globo.com\/v\/7832777\/\" role=\"img\" ><\/div>\n\t\t\t\t\t\t\t\t\t\t\t\t\t\t<\/a>\n\t\t\t\t\t\t\t<a class=\"e-gallery-item elementor-gallery-item elementor-animated-content\">\n\t\t\t\t\t<div class=\"e-gallery-image elementor-gallery-item__image\" data-thumbnail=\"https:\/\/www.biologix.com.br\/wp-content\/uploads\/2020\/10\/folha-de-sacc83o-paulo.png\" data-width=\"300\" data-height=\"63\" aria-label=\"Folha de S. Paulo https:\/\/www1.folha.uol.com.br\/seminariosfolha\/2019\/05\/startups-de-saude-se-multiplicam-e-buscam-modernizar-tratamentos.shtml\" role=\"img\" ><\/div>\n\t\t\t\t\t\t\t\t\t\t\t\t\t\t<\/a>\n\t\t\t\t\t\t\t<a class=\"e-gallery-item elementor-gallery-item elementor-animated-content\">\n\t\t\t\t\t<div class=\"e-gallery-image elementor-gallery-item__image\" data-thumbnail=\"https:\/\/www.biologix.com.br\/wp-content\/uploads\/2020\/09\/0006_sbt.png\" data-width=\"180\" data-height=\"180\" aria-label=\"SBT https:\/\/www.sbt.com.br\/jornalismo\/sbt-brasil\/noticia\/117694-aplicativo-auxilia-no-diagnostico-de-apneia-do-sono\" role=\"img\" ><\/div>\n\t\t\t\t\t\t\t\t\t\t\t\t\t\t<\/a>\n\t\t\t\t\t\t\t<a class=\"e-gallery-item elementor-gallery-item elementor-animated-content\">\n\t\t\t\t\t<div class=\"e-gallery-image elementor-gallery-item__image\" data-thumbnail=\"https:\/\/www.biologix.com.br\/wp-content\/uploads\/2020\/09\/0018_dom-total.png\" data-width=\"180\" data-height=\"62\" aria-label=\"Dom Total https:\/\/domtotal.com\/noticia\/1439197\/2020\/04\/tecnologia-de-startup-paulista-monitora-a-distancia-pacientes-com-suspeita-covid-19\/\" role=\"img\" ><\/div>\n\t\t\t\t\t\t\t\t\t\t\t\t\t\t<\/a>\n\t\t\t\t\t\t\t<a class=\"e-gallery-item elementor-gallery-item elementor-animated-content\">\n\t\t\t\t\t<div class=\"e-gallery-image elementor-gallery-item__image\" data-thumbnail=\"https:\/\/www.biologix.com.br\/wp-content\/uploads\/2020\/09\/0013_olhar-digital.png\" data-width=\"180\" data-height=\"57\" aria-label=\"Olhar Digital https:\/\/olhardigital.com.br\/coronavirus\/video\/solucao-com-oximetro-ja-e-usada-em-hospitais-na-cidade-de-sao-paulo\/100035\" role=\"img\" ><\/div>\n\t\t\t\t\t\t\t\t\t\t\t\t\t\t<\/a>\n\t\t\t\t\t\t\t<a class=\"e-gallery-item elementor-gallery-item elementor-animated-content\">\n\t\t\t\t\t<div class=\"e-gallery-image elementor-gallery-item__image\" data-thumbnail=\"https:\/\/www.biologix.com.br\/wp-content\/uploads\/2020\/10\/a-voz-do-brasil.png\" data-width=\"299\" data-height=\"189\" aria-label=\"A Voz do Brasil https:\/\/redenacionalderadio.com.br\/%E2%80%A6\/a-voz%E2%80%A6\/08-01-19.mp3\/view\" role=\"img\" ><\/div>\n\t\t\t\t\t\t\t\t\t\t\t\t\t\t<\/a>\n\t\t\t\t\t\t\t<a class=\"e-gallery-item elementor-gallery-item elementor-animated-content\">\n\t\t\t\t\t<div class=\"e-gallery-image elementor-gallery-item__image\" data-thumbnail=\"https:\/\/www.biologix.com.br\/wp-content\/uploads\/2020\/10\/usp.png\" data-width=\"299\" data-height=\"121\" aria-label=\"USP https:\/\/jornal.usp.br\/atualidades\/aparelho-pode-monitorar-de-forma-remota-oxigenio-em-pacientes-com-covid\/\" role=\"img\" ><\/div>\n\t\t\t\t\t\t\t\t\t\t\t\t\t\t<\/a>\n\t\t\t\t\t\t\t<a class=\"e-gallery-item elementor-gallery-item elementor-animated-content\">\n\t\t\t\t\t<div class=\"e-gallery-image elementor-gallery-item__image\" data-thumbnail=\"https:\/\/www.biologix.com.br\/wp-content\/uploads\/2020\/09\/0020_governo-do-estado-de-sao-paulo.png\" data-width=\"180\" data-height=\"67\" aria-label=\"Governo do Estado de S\u00e3o Paulo https:\/\/www.saopaulo.sp.gov.br\/ultimas-noticias\/covid-19-startup-de-sp-desenvolve-tecnologia-para-monitorar-pacientes-a-distancia\/\" role=\"img\" ><\/div>\n\t\t\t\t\t\t\t\t\t\t\t\t\t\t<\/a>\n\t\t\t\t\t<\/div>\n\t\t\t\t\t<\/div>\n\t\t\t\t<\/div>\n\t\t\t\t\t<\/div>\n\t\t<\/div>\n\t\t\t\t\t<\/div>\n\t\t<\/section>\n\t\t\t\t<\/div>","protected":false},"excerpt":{"rendered":"<p>Na m\u00eddia voltar<\/p>","protected":false},"author":11,"featured_media":0,"parent":0,"menu_order":0,"comment_status":"closed","ping_status":"closed","template":"","meta":{"footnotes":""},"class_list":["post-5228","page","type-page","status-publish","hentry"],"aioseo_notices":[],"_links":{"self":[{"href":"https:\/\/www.biologix.com.br\/en\/wp-json\/wp\/v2\/pages\/5228","targetHints":{"allow":["GET"]}}],"collection":[{"href":"https:\/\/www.biologix.com.br\/en\/wp-json\/wp\/v2\/pages"}],"about":[{"href":"https:\/\/www.biologix.com.br\/en\/wp-json\/wp\/v2\/types\/page"}],"author":[{"embeddable":true,"href":"https:\/\/www.biologix.com.br\/en\/wp-json\/wp\/v2\/users\/11"}],"replies":[{"embeddable":true,"href":"https:\/\/www.biologix.com.br\/en\/wp-json\/wp\/v2\/comments?post=5228"}],"version-history":[{"count":14,"href":"https:\/\/www.biologix.com.br\/en\/wp-json\/wp\/v2\/pages\/5228\/revisions"}],"predecessor-version":[{"id":5255,"href":"https:\/\/www.biologix.com.br\/en\/wp-json\/wp\/v2\/pages\/5228\/revisions\/5255"}],"wp:attachment":[{"href":"https:\/\/www.biologix.com.br\/en\/wp-json\/wp\/v2\/media?parent=5228"}],"curies":[{"name":"wp","href":"https:\/\/api.w.org\/{rel}","templated":true}]}}