{"id":9412,"date":"2024-01-24T11:30:32","date_gmt":"2024-01-24T14:30:32","guid":{"rendered":"https:\/\/www.biologix.com.br\/?page_id=9412"},"modified":"2024-02-16T18:54:37","modified_gmt":"2024-02-16T21:54:37","slug":"novo-aplicativo-biologix","status":"publish","type":"page","link":"https:\/\/www.biologix.com.br\/en\/novo-aplicativo-biologix\/","title":{"rendered":"New Biologix App"},"content":{"rendered":"<div data-elementor-type=\"wp-page\" data-elementor-id=\"9412\" class=\"elementor elementor-9412\" data-elementor-post-type=\"page\">\n\t\t\t\t\t\t<section class=\"elementor-section elementor-top-section elementor-element elementor-element-2679f34 elementor-section-stretched elementor-section-full_width elementor-section-height-default elementor-section-height-default\" data-id=\"2679f34\" data-element_type=\"section\" data-e-type=\"section\" data-settings=\"{&quot;stretch_section&quot;:&quot;section-stretched&quot;,&quot;background_background&quot;:&quot;classic&quot;}\">\n\t\t\t\t\t\t<div class=\"elementor-container elementor-column-gap-no\">\n\t\t\t\t\t<div class=\"elementor-column elementor-col-100 elementor-top-column elementor-element elementor-element-db9648a\" data-id=\"db9648a\" data-element_type=\"column\" data-e-type=\"column\">\n\t\t\t<div class=\"elementor-widget-wrap elementor-element-populated\">\n\t\t\t\t\t\t<div class=\"elementor-element elementor-element-c7ab587 elementor--h-position-center elementor--v-position-middle elementor-arrows-position-inside elementor-pagination-position-inside elementor-widget elementor-widget-slides\" data-id=\"c7ab587\" data-element_type=\"widget\" data-e-type=\"widget\" data-settings=\"{&quot;navigation&quot;:&quot;both&quot;,&quot;autoplay&quot;:&quot;yes&quot;,&quot;pause_on_hover&quot;:&quot;yes&quot;,&quot;pause_on_interaction&quot;:&quot;yes&quot;,&quot;autoplay_speed&quot;:5000,&quot;infinite&quot;:&quot;yes&quot;,&quot;transition&quot;:&quot;slide&quot;,&quot;transition_speed&quot;:500}\" data-widget_type=\"slides.default\">\n\t\t\t\t<div class=\"elementor-widget-container\">\n\t\t\t\t\t\t\t\t\t<div class=\"elementor-swiper\">\n\t\t\t\t\t<div class=\"elementor-slides-wrapper elementor-main-swiper swiper\" role=\"region\" aria-roledescription=\"carousel\" aria-label=\"Slides\" dir=\"ltr\" data-animation=\"fadeInUp\">\n\t\t\t\t<div class=\"swiper-wrapper elementor-slides\">\n\t\t\t\t\t\t\t\t\t\t<div class=\"elementor-repeater-item-c13cf7e swiper-slide\" role=\"group\" aria-roledescription=\"slide\"><div class=\"swiper-slide-bg\"><\/div><div class=\"swiper-slide-inner\" ><div class=\"swiper-slide-contents\"><div class=\"elementor-slide-heading\">New Biologix App<\/div><div class=\"elementor-slide-description\">Meet the new Biologix app: simpler, more intuitive, and packed with more features.<\/div><\/div><\/div><\/div>\t\t\t\t<\/div>\n\t\t\t\t\t\t\t<\/div>\n\t\t\t\t<\/div>\n\t\t\t\t\t\t\t\t<\/div>\n\t\t\t\t<\/div>\n\t\t\t\t\t<\/div>\n\t\t<\/div>\n\t\t\t\t\t<\/div>\n\t\t<\/section>\n\t\t<div class=\"elementor-element elementor-element-4333e48 e-flex e-con-boxed e-con e-parent\" data-id=\"4333e48\" data-element_type=\"container\" data-e-type=\"container\">\n\t\t\t\t\t<div class=\"e-con-inner\">\n\t\t<div class=\"elementor-element elementor-element-911ba08 e-con-full e-flex e-con e-child\" data-id=\"911ba08\" data-element_type=\"container\" data-e-type=\"container\">\n\t\t\t\t<div class=\"elementor-element elementor-element-b38c4a3 elementor-widget elementor-widget-text-editor\" data-id=\"b38c4a3\" data-element_type=\"widget\" data-e-type=\"widget\" data-widget_type=\"text-editor.default\">\n\t\t\t\t<div class=\"elementor-widget-container\">\n\t\t\t\t\t\t\t\t\t<p>\u00a0<\/p><p><span style=\"font-weight: 400;\">The new Biologix app brings design and technology enhancements, including an upgrade\nto the well-known Biologix Sleep Test\u00ae. It also introduces new features such as the<\/span> <span style=\"font-weight: 400;\">Biologix Snoring Test\u00ae, which allows patients to record their snoring without needing a sensor, completely free of charge. <\/span><\/p>\t\t\t\t\t\t\t\t<\/div>\n\t\t\t\t<\/div>\n\t\t\t\t<div class=\"elementor-element elementor-element-b849573 elementor-widget elementor-widget-heading\" data-id=\"b849573\" data-element_type=\"widget\" data-e-type=\"widget\" data-widget_type=\"heading.default\">\n\t\t\t\t<div class=\"elementor-widget-container\">\n\t\t\t\t\t<h3 class=\"elementor-heading-title elementor-size-default\">How to Install It<\/h3>\t\t\t\t<\/div>\n\t\t\t\t<\/div>\n\t\t\t\t<div class=\"elementor-element elementor-element-89871b1 elementor-widget elementor-widget-text-editor\" data-id=\"89871b1\" data-element_type=\"widget\" data-e-type=\"widget\" data-widget_type=\"text-editor.default\">\n\t\t\t\t<div class=\"elementor-widget-container\">\n\t\t\t\t\t\t\t\t\t<p><span style=\"font-weight: 400;\">The Biologix app is available on both the App Store (for iOS devices) and Google Play (for Android devices). Simply search for \u201cBiologix\u201d and tap \u201cGet\u201d or \u201cDownload.\u201d<\/span><\/p>\t\t\t\t\t\t\t\t<\/div>\n\t\t\t\t<\/div>\n\t\t\t\t<div class=\"elementor-element elementor-element-3656f7f elementor-widget elementor-widget-text-editor\" data-id=\"3656f7f\" data-element_type=\"widget\" data-e-type=\"widget\" data-widget_type=\"text-editor.default\">\n\t\t\t\t<div class=\"elementor-widget-container\">\n\t\t\t\t\t\t\t\t\t<p><span style=\"font-weight: 400;\"><strong>Reminder:<\/strong> Starting February 26, 2024, the previous version of the Biologix app (Biologix Lite) will be removed from the App Store and Google Play. We recommend that all accredited centers advise patients to download the new Biologix app (with the green icon) and uninstall Biologix Lite (with the white icon).<\/span><\/p>\t\t\t\t\t\t\t\t<\/div>\n\t\t\t\t<\/div>\n\t\t\t\t<div class=\"elementor-element elementor-element-4dc2c89 elementor-widget elementor-widget-image\" data-id=\"4dc2c89\" data-element_type=\"widget\" data-e-type=\"widget\" data-widget_type=\"image.default\">\n\t\t\t\t<div class=\"elementor-widget-container\">\n\t\t\t\t\t\t\t\t\t\t\t\t\t\t\t<img fetchpriority=\"high\" decoding=\"async\" width=\"700\" height=\"163\" src=\"https:\/\/www.biologix.com.br\/wp-content\/uploads\/2024\/01\/baixar-novo-app.jpg\" class=\"attachment-large size-large wp-image-9472\" alt=\"\" srcset=\"https:\/\/www.biologix.com.br\/wp-content\/uploads\/2024\/01\/baixar-novo-app.jpg 700w, https:\/\/www.biologix.com.br\/wp-content\/uploads\/2024\/01\/baixar-novo-app-300x70.jpg 300w, https:\/\/www.biologix.com.br\/wp-content\/uploads\/2024\/01\/baixar-novo-app-18x4.jpg 18w\" sizes=\"(max-width: 700px) 100vw, 700px\" \/>\t\t\t\t\t\t\t\t\t\t\t\t\t\t\t<\/div>\n\t\t\t\t<\/div>\n\t\t\t\t<\/div>\n\t\t\t\t\t<\/div>\n\t\t\t\t<\/div>\n\t\t<div class=\"elementor-element elementor-element-08b5c4b e-flex e-con-boxed e-con e-parent\" data-id=\"08b5c4b\" data-element_type=\"container\" data-e-type=\"container\">\n\t\t\t\t\t<div class=\"e-con-inner\">\n\t\t<div class=\"elementor-element elementor-element-4538314 e-con-full e-flex e-con e-child\" data-id=\"4538314\" data-element_type=\"container\" data-e-type=\"container\">\n\t\t\t\t<div class=\"elementor-element elementor-element-9107fa2 elementor-widget elementor-widget-text-editor\" data-id=\"9107fa2\" data-element_type=\"widget\" data-e-type=\"widget\" data-widget_type=\"text-editor.default\">\n\t\t\t\t<div class=\"elementor-widget-container\">\n\t\t\t\t\t\t\t\t\t<p>The new Biologix app includes the following features: the Biologix Sleep Test\u00ae, Biologix Snoring Test\u00ae, results dashboard and oximeter connection.<\/p>\t\t\t\t\t\t\t\t<\/div>\n\t\t\t\t<\/div>\n\t\t\t\t<\/div>\n\t\t\t\t\t<\/div>\n\t\t\t\t<\/div>\n\t\t<div class=\"elementor-element elementor-element-6c2b263 e-flex e-con-boxed e-con e-parent\" data-id=\"6c2b263\" data-element_type=\"container\" data-e-type=\"container\">\n\t\t\t\t\t<div class=\"e-con-inner\">\n\t\t<div class=\"elementor-element elementor-element-c0f2142 e-con-full e-flex e-con e-child\" data-id=\"c0f2142\" data-element_type=\"container\" data-e-type=\"container\">\n\t\t\t\t<div class=\"elementor-element elementor-element-11b1b23 elementor-widget elementor-widget-image\" data-id=\"11b1b23\" data-element_type=\"widget\" data-e-type=\"widget\" data-widget_type=\"image.default\">\n\t\t\t\t<div class=\"elementor-widget-container\">\n\t\t\t\t\t\t\t\t\t\t\t\t\t\t\t<img decoding=\"async\" width=\"843\" height=\"830\" src=\"https:\/\/www.biologix.com.br\/wp-content\/uploads\/2023\/08\/kit-blx-01.jpg\" class=\"attachment-large size-large wp-image-9264\" alt=\"\" srcset=\"https:\/\/www.biologix.com.br\/wp-content\/uploads\/2023\/08\/kit-blx-01.jpg 1000w, https:\/\/www.biologix.com.br\/wp-content\/uploads\/2023\/08\/kit-blx-01-300x296.jpg 300w, https:\/\/www.biologix.com.br\/wp-content\/uploads\/2023\/08\/kit-blx-01-768x756.jpg 768w, https:\/\/www.biologix.com.br\/wp-content\/uploads\/2023\/08\/kit-blx-01-12x12.jpg 12w\" sizes=\"(max-width: 843px) 100vw, 843px\" \/>\t\t\t\t\t\t\t\t\t\t\t\t\t\t\t<\/div>\n\t\t\t\t<\/div>\n\t\t\t\t<\/div>\n\t\t<div class=\"elementor-element elementor-element-8a6ea84 e-con-full e-flex e-con e-child\" data-id=\"8a6ea84\" data-element_type=\"container\" data-e-type=\"container\">\n\t\t\t\t<div class=\"elementor-element elementor-element-e4f7e06 elementor-widget elementor-widget-heading\" data-id=\"e4f7e06\" data-element_type=\"widget\" data-e-type=\"widget\" data-widget_type=\"heading.default\">\n\t\t\t\t<div class=\"elementor-widget-container\">\n\t\t\t\t\t<h2 class=\"elementor-heading-title elementor-size-default\">Biologix\u00ae Sleep Test<\/h2>\t\t\t\t<\/div>\n\t\t\t\t<\/div>\n\t\t\t\t<div class=\"elementor-element elementor-element-bb8da61 elementor-widget elementor-widget-text-editor\" data-id=\"bb8da61\" data-element_type=\"widget\" data-e-type=\"widget\" data-widget_type=\"text-editor.default\">\n\t\t\t\t<div class=\"elementor-widget-container\">\n\t\t\t\t\t\t\t\t\t<p><span style=\"font-weight: 400;\">The Biologix Sleep Test\u00ae is a well-known tool for diagnosing snoring and sleep apnea. To perform the test, provide your patient with the Biologix Kit, which includes the sensor and hypoallergenic tape. Then, authorize the test through the platform. The app offers clear, step-by-step instructions to guide the patient, similar to the previous version.<\/span><\/p>\t\t\t\t\t\t\t\t<\/div>\n\t\t\t\t<\/div>\n\t\t\t\t<\/div>\n\t\t\t\t\t<\/div>\n\t\t\t\t<\/div>\n\t\t<div class=\"elementor-element elementor-element-c12de15 e-flex e-con-boxed e-con e-parent\" data-id=\"c12de15\" data-element_type=\"container\" data-e-type=\"container\">\n\t\t\t\t\t<div class=\"e-con-inner\">\n\t\t<div class=\"elementor-element elementor-element-21fc94b e-con-full e-flex e-con e-child\" data-id=\"21fc94b\" data-element_type=\"container\" data-e-type=\"container\">\n\t\t\t\t<div class=\"elementor-element elementor-element-08e7c7d elementor-widget elementor-widget-heading\" data-id=\"08e7c7d\" data-element_type=\"widget\" data-e-type=\"widget\" data-widget_type=\"heading.default\">\n\t\t\t\t<div class=\"elementor-widget-container\">\n\t\t\t\t\t<h2 class=\"elementor-heading-title elementor-size-default\">Biologix Snoring Test\u00ae<\/h2>\t\t\t\t<\/div>\n\t\t\t\t<\/div>\n\t\t\t\t<div class=\"elementor-element elementor-element-56c26cf elementor-widget elementor-widget-text-editor\" data-id=\"56c26cf\" data-element_type=\"widget\" data-e-type=\"widget\" data-widget_type=\"text-editor.default\">\n\t\t\t\t<div class=\"elementor-widget-container\">\n\t\t\t\t\t\t\t\t\t<p><span style=\"font-weight: 400;\">The Biologix Snoring Test\u00ae enables snoring assessment without the need for an Oxistar\u00ae sensor. Using artificial intelligence, the test records and analyzes the patient\u2019s snoring overnight, providing data on snoring intensity and percentage of time spent snoring during sleep.<\/span><\/p><p><span style=\"font-weight: 400;\"><strong>Reminder:<\/strong> The Biologix Snoring Test\u00ae is completely free of charge for accredited centers. You can authorize the test for patients at no additional cost.<\/span><\/p>\t\t\t\t\t\t\t\t<\/div>\n\t\t\t\t<\/div>\n\t\t\t\t<\/div>\n\t\t<div class=\"elementor-element elementor-element-32232ad e-con-full e-flex e-con e-child\" data-id=\"32232ad\" data-element_type=\"container\" data-e-type=\"container\">\n\t\t\t\t<div class=\"elementor-element elementor-element-633b820 elementor-widget elementor-widget-image\" data-id=\"633b820\" data-element_type=\"widget\" data-e-type=\"widget\" data-widget_type=\"image.default\">\n\t\t\t\t<div class=\"elementor-widget-container\">\n\t\t\t\t\t\t\t\t\t\t\t\t\t\t\t<img decoding=\"async\" width=\"700\" height=\"377\" src=\"https:\/\/www.biologix.com.br\/wp-content\/uploads\/2024\/01\/teste-do-ronco-biologix-resumo-do-exame.png\" class=\"attachment-large size-large wp-image-9485\" alt=\"\" srcset=\"https:\/\/www.biologix.com.br\/wp-content\/uploads\/2024\/01\/teste-do-ronco-biologix-resumo-do-exame.png 700w, https:\/\/www.biologix.com.br\/wp-content\/uploads\/2024\/01\/teste-do-ronco-biologix-resumo-do-exame-300x162.png 300w, https:\/\/www.biologix.com.br\/wp-content\/uploads\/2024\/01\/teste-do-ronco-biologix-resumo-do-exame-18x10.png 18w\" sizes=\"(max-width: 700px) 100vw, 700px\" \/>\t\t\t\t\t\t\t\t\t\t\t\t\t\t\t<\/div>\n\t\t\t\t<\/div>\n\t\t\t\t<\/div>\n\t\t\t\t\t<\/div>\n\t\t\t\t<\/div>\n\t\t<div class=\"elementor-element elementor-element-31da3f1 e-flex e-con-boxed e-con e-parent\" data-id=\"31da3f1\" data-element_type=\"container\" data-e-type=\"container\">\n\t\t\t\t\t<div class=\"e-con-inner\">\n\t\t<div class=\"elementor-element elementor-element-0af66a0 e-con-full e-flex e-con e-child\" data-id=\"0af66a0\" data-element_type=\"container\" data-e-type=\"container\">\n\t\t\t\t<div class=\"elementor-element elementor-element-04447df elementor-widget elementor-widget-heading\" data-id=\"04447df\" data-element_type=\"widget\" data-e-type=\"widget\" data-widget_type=\"heading.default\">\n\t\t\t\t<div class=\"elementor-widget-container\">\n\t\t\t\t\t<h3 class=\"elementor-heading-title elementor-size-default\">How to Authorize the Biologix Snoring Test\u00ae<\/h3>\t\t\t\t<\/div>\n\t\t\t\t<\/div>\n\t\t\t\t<div class=\"elementor-element elementor-element-2390673 elementor-widget elementor-widget-text-editor\" data-id=\"2390673\" data-element_type=\"widget\" data-e-type=\"widget\" data-widget_type=\"text-editor.default\">\n\t\t\t\t<div class=\"elementor-widget-container\">\n\t\t\t\t\t\t\t\t\t<p><span style=\"font-weight: 400;\">Log into the healthcare practitioner's portal, go to <\/span><b>Tests <\/b><span style=\"font-weight: 400;\">&gt; <\/span><b>Biologix Snoring Test\u00ae <\/b><span style=\"font-weight: 400;\">&gt; <\/span><b>AUTHORIZATIONS<\/b><span style=\"font-weight: 400;\">. In this section, click <\/span><b>+ NEW AUTHORIZATION<\/b><span style=\"font-weight: 400;\"> and enter the patient\u2019s identity document number. That\u2019s it! The Biologix Snoring Test\u00ae will be\navailable in the patient\u2019s app!<\/span><\/p><p><span style=\"font-weight: 400;\"> Once authorized, patients can perform unlimited snoring tests. You can revoke the authorization at any time.<\/span><\/p>\t\t\t\t\t\t\t\t<\/div>\n\t\t\t\t<\/div>\n\t\t\t\t<\/div>\n\t\t<div class=\"elementor-element elementor-element-9be81fa e-con-full e-flex e-con e-child\" data-id=\"9be81fa\" data-element_type=\"container\" data-e-type=\"container\">\n\t\t\t\t<div class=\"elementor-element elementor-element-440345f elementor-widget elementor-widget-image\" data-id=\"440345f\" data-element_type=\"widget\" data-e-type=\"widget\" data-widget_type=\"image.default\">\n\t\t\t\t<div class=\"elementor-widget-container\">\n\t\t\t\t\t\t\t\t\t\t\t\t\t\t\t<img loading=\"lazy\" decoding=\"async\" width=\"843\" height=\"350\" src=\"https:\/\/www.biologix.com.br\/wp-content\/uploads\/2024\/01\/autorizacoes-ronco.jpg\" class=\"attachment-large size-large wp-image-9426\" alt=\"\" srcset=\"https:\/\/www.biologix.com.br\/wp-content\/uploads\/2024\/01\/autorizacoes-ronco.jpg 967w, https:\/\/www.biologix.com.br\/wp-content\/uploads\/2024\/01\/autorizacoes-ronco-300x124.jpg 300w, https:\/\/www.biologix.com.br\/wp-content\/uploads\/2024\/01\/autorizacoes-ronco-768x318.jpg 768w, https:\/\/www.biologix.com.br\/wp-content\/uploads\/2024\/01\/autorizacoes-ronco-18x7.jpg 18w\" sizes=\"(max-width: 843px) 100vw, 843px\" \/>\t\t\t\t\t\t\t\t\t\t\t\t\t\t\t<\/div>\n\t\t\t\t<\/div>\n\t\t\t\t<\/div>\n\t\t\t\t\t<\/div>\n\t\t\t\t<\/div>\n\t\t<div class=\"elementor-element elementor-element-bec11e5 e-flex e-con-boxed e-con e-parent\" data-id=\"bec11e5\" data-element_type=\"container\" data-e-type=\"container\">\n\t\t\t\t\t<div class=\"e-con-inner\">\n\t\t<div class=\"elementor-element elementor-element-a781fae e-con-full e-flex e-con e-child\" data-id=\"a781fae\" data-element_type=\"container\" data-e-type=\"container\">\n\t\t\t\t<div class=\"elementor-element elementor-element-4155d10 elementor-widget elementor-widget-heading\" data-id=\"4155d10\" data-element_type=\"widget\" data-e-type=\"widget\" data-widget_type=\"heading.default\">\n\t\t\t\t<div class=\"elementor-widget-container\">\n\t\t\t\t\t<h3 class=\"elementor-heading-title elementor-size-default\">What is the Difference Between the Biologix Sleep Test\u00ae and the Biologix Snoring Test\u00ae?<\/h3>\t\t\t\t<\/div>\n\t\t\t\t<\/div>\n\t\t\t\t<div class=\"elementor-element elementor-element-bb65081 elementor-widget elementor-widget-text-editor\" data-id=\"bb65081\" data-element_type=\"widget\" data-e-type=\"widget\" data-widget_type=\"text-editor.default\">\n\t\t\t\t<div class=\"elementor-widget-container\">\n\t\t\t\t\t\t\t\t\t<p><span style=\"font-weight: 400;\">While both tests record audio during sleep, their functionalities differ. On the one hand, the Biologix Sleep Test\u00ae diagnoses sleep apnea using data from the Oxistar Sensor\u00ae combined with snoring audio. On the other hand, the Biologix Snoring Test\u00ae only records and analyzes snoring.<br \/><\/span><\/p><p><span style=\"font-weight: 400;\">Authorizations work differently. The sleep test allows one test per authorizaton, while the\nsnoring test enables unlimited tests until the authorization is revoked.<\/span><\/p>\t\t\t\t\t\t\t\t<\/div>\n\t\t\t\t<\/div>\n\t\t\t\t<\/div>\n\t\t\t\t\t<\/div>\n\t\t\t\t<\/div>\n\t\t<div class=\"elementor-element elementor-element-a971d3a e-flex e-con-boxed e-con e-parent\" data-id=\"a971d3a\" data-element_type=\"container\" data-e-type=\"container\">\n\t\t\t\t\t<div class=\"e-con-inner\">\n\t\t<div class=\"elementor-element elementor-element-64818f2 e-con-full e-flex e-con e-child\" data-id=\"64818f2\" data-element_type=\"container\" data-e-type=\"container\">\n\t\t\t\t<div class=\"elementor-element elementor-element-a2c36c2 elementor-widget elementor-widget-heading\" data-id=\"a2c36c2\" data-element_type=\"widget\" data-e-type=\"widget\" data-widget_type=\"heading.default\">\n\t\t\t\t<div class=\"elementor-widget-container\">\n\t\t\t\t\t<h2 class=\"elementor-heading-title elementor-size-default\">Results<\/h2>\t\t\t\t<\/div>\n\t\t\t\t<\/div>\n\t\t\t\t<div class=\"elementor-element elementor-element-d81fbc3 elementor-widget elementor-widget-text-editor\" data-id=\"d81fbc3\" data-element_type=\"widget\" data-e-type=\"widget\" data-widget_type=\"text-editor.default\">\n\t\t\t\t<div class=\"elementor-widget-container\">\n\t\t\t\t\t\t\t\t\t<p><span style=\"font-weight: 400;\">In the \u201cResults\u201d section, patients can view detailed reports, including graphs and metrics such as ODI (Oxygen Desaturation Index), heart rate, oxygen saturation, and snoring. They can also download their reports in PDF format and share them via email, WhatsApp\nand other platforms.<\/span><\/p>\t\t\t\t\t\t\t\t<\/div>\n\t\t\t\t<\/div>\n\t\t\t\t<div class=\"elementor-element elementor-element-b36fc19 elementor-widget elementor-widget-heading\" data-id=\"b36fc19\" data-element_type=\"widget\" data-e-type=\"widget\" data-widget_type=\"heading.default\">\n\t\t\t\t<div class=\"elementor-widget-container\">\n\t\t\t\t\t<h2 class=\"elementor-heading-title elementor-size-default\">Oximeter<\/h2>\t\t\t\t<\/div>\n\t\t\t\t<\/div>\n\t\t\t\t<div class=\"elementor-element elementor-element-2b5b6c8 elementor-widget elementor-widget-text-editor\" data-id=\"2b5b6c8\" data-element_type=\"widget\" data-e-type=\"widget\" data-widget_type=\"text-editor.default\">\n\t\t\t\t<div class=\"elementor-widget-container\">\n\t\t\t\t\t\t\t\t\t<p><span style=\"font-weight: 400;\">In the \u201cOximeter\u201d section, patients can connect their Oxistar Sensor\u00ae to view real-time data, including oxygen saturation and heart rate. Besides, they can consult the sensor\u2019s battery level, serial number and firmware version.<\/span><\/p>\t\t\t\t\t\t\t\t<\/div>\n\t\t\t\t<\/div>\n\t\t\t\t<\/div>\n\t\t<div class=\"elementor-element elementor-element-600f913 e-con-full e-flex e-con e-child\" data-id=\"600f913\" data-element_type=\"container\" data-e-type=\"container\">\n\t\t\t\t<div class=\"elementor-element elementor-element-18125f2 elementor-widget elementor-widget-image\" data-id=\"18125f2\" data-element_type=\"widget\" data-e-type=\"widget\" data-widget_type=\"image.default\">\n\t\t\t\t<div class=\"elementor-widget-container\">\n\t\t\t\t\t\t\t\t\t\t\t\t\t\t\t<img loading=\"lazy\" decoding=\"async\" width=\"656\" height=\"707\" src=\"https:\/\/www.biologix.com.br\/wp-content\/uploads\/2024\/01\/resultados-oximetria.png\" class=\"attachment-large size-large wp-image-9490\" alt=\"\" srcset=\"https:\/\/www.biologix.com.br\/wp-content\/uploads\/2024\/01\/resultados-oximetria.png 656w, https:\/\/www.biologix.com.br\/wp-content\/uploads\/2024\/01\/resultados-oximetria-278x300.png 278w, https:\/\/www.biologix.com.br\/wp-content\/uploads\/2024\/01\/resultados-oximetria-11x12.png 11w\" sizes=\"(max-width: 656px) 100vw, 656px\" \/>\t\t\t\t\t\t\t\t\t\t\t\t\t\t\t<\/div>\n\t\t\t\t<\/div>\n\t\t\t\t<\/div>\n\t\t\t\t\t<\/div>\n\t\t\t\t<\/div>\n\t\t\t\t<\/div>","protected":false},"excerpt":{"rendered":"<p>Novo aplicativo BiologixConhe\u00e7a o novo aplicativo Biologix: agora mais f\u00e1cil, mais intuitivo e com mais funcionalidades para voc\u00ea! Este aplicativo \u00e9 destinado ao paciente e&hellip;<\/p>","protected":false},"author":11,"featured_media":0,"parent":0,"menu_order":0,"comment_status":"closed","ping_status":"closed","template":"","meta":{"footnotes":""},"class_list":["post-9412","page","type-page","status-publish","hentry"],"aioseo_notices":[],"_links":{"self":[{"href":"https:\/\/www.biologix.com.br\/en\/wp-json\/wp\/v2\/pages\/9412","targetHints":{"allow":["GET"]}}],"collection":[{"href":"https:\/\/www.biologix.com.br\/en\/wp-json\/wp\/v2\/pages"}],"about":[{"href":"https:\/\/www.biologix.com.br\/en\/wp-json\/wp\/v2\/types\/page"}],"author":[{"embeddable":true,"href":"https:\/\/www.biologix.com.br\/en\/wp-json\/wp\/v2\/users\/11"}],"replies":[{"embeddable":true,"href":"https:\/\/www.biologix.com.br\/en\/wp-json\/wp\/v2\/comments?post=9412"}],"version-history":[{"count":65,"href":"https:\/\/www.biologix.com.br\/en\/wp-json\/wp\/v2\/pages\/9412\/revisions"}],"predecessor-version":[{"id":9556,"href":"https:\/\/www.biologix.com.br\/en\/wp-json\/wp\/v2\/pages\/9412\/revisions\/9556"}],"wp:attachment":[{"href":"https:\/\/www.biologix.com.br\/en\/wp-json\/wp\/v2\/media?parent=9412"}],"curies":[{"name":"wp","href":"https:\/\/api.w.org\/{rel}","templated":true}]}}