{"id":12847,"date":"2024-11-22T19:03:55","date_gmt":"2024-11-22T22:03:55","guid":{"rendered":"https:\/\/www.biologix.com.br\/?page_id=12847"},"modified":"2026-03-13T11:18:46","modified_gmt":"2026-03-13T14:18:46","slug":"suporte","status":"publish","type":"page","link":"https:\/\/www.biologix.com.br\/es\/suporte\/","title":{"rendered":"Atenci\u00f3n al cliente"},"content":{"rendered":"<div data-elementor-type=\"wp-page\" data-elementor-id=\"12847\" class=\"elementor elementor-12847\" data-elementor-post-type=\"page\">\n\t\t\t\t<div class=\"elementor-element elementor-element-525baa0 e-flex e-con-boxed e-con e-parent\" data-id=\"525baa0\" data-element_type=\"container\" data-e-type=\"container\">\n\t\t\t\t\t<div class=\"e-con-inner\">\n\t\t<div class=\"elementor-element elementor-element-713a9d5 e-con-full e-flex e-con e-child\" data-id=\"713a9d5\" data-element_type=\"container\" data-e-type=\"container\" data-settings=\"{&quot;background_background&quot;:&quot;classic&quot;}\">\n\t\t\t\t<div class=\"elementor-element elementor-element-72b2f6d elementor-widget elementor-widget-heading\" data-id=\"72b2f6d\" data-element_type=\"widget\" data-e-type=\"widget\" data-widget_type=\"heading.default\">\n\t\t\t\t<div class=\"elementor-widget-container\">\n\t\t\t\t\t<h2 class=\"elementor-heading-title elementor-size-default\">Entre en contacto con atenci\u00f3n al cliente<\/h2>\t\t\t\t<\/div>\n\t\t\t\t<\/div>\n\t\t\t\t<div class=\"elementor-element elementor-element-0d2adbf elementor-widget elementor-widget-text-editor\" data-id=\"0d2adbf\" data-element_type=\"widget\" data-e-type=\"widget\" data-widget_type=\"text-editor.default\">\n\t\t\t\t<div class=\"elementor-widget-container\">\n\t\t\t\t\t\t\t\t\t<p><a href=\"http:\/\/wa.me\/5511912760857\">(11) 91276-0857<\/a><\/p>\t\t\t\t\t\t\t\t<\/div>\n\t\t\t\t<\/div>\n\t\t\t\t<\/div>\n\t\t\t\t\t<\/div>\n\t\t\t\t<\/div>\n\t\t<div class=\"elementor-element elementor-element-f926659 e-flex e-con-boxed e-con e-parent\" data-id=\"f926659\" data-element_type=\"container\" data-e-type=\"container\">\n\t\t\t\t\t<div class=\"e-con-inner\">\n\t\t<div class=\"elementor-element elementor-element-514dfd9 e-con-full e-flex e-con e-child\" data-id=\"514dfd9\" data-element_type=\"container\" data-e-type=\"container\" data-settings=\"{&quot;background_background&quot;:&quot;classic&quot;}\">\n\t\t\t\t<div class=\"elementor-element elementor-element-7b05149 elementor-widget elementor-widget-text-editor\" data-id=\"7b05149\" data-element_type=\"widget\" data-e-type=\"widget\" data-widget_type=\"text-editor.default\">\n\t\t\t\t<div class=\"elementor-widget-container\">\n\t\t\t\t\t\t\t\t\t<p>Descargue la aplicaci\u00f3n Biologix de forma gratuita:<\/p><p><a href=\"https:\/\/apps.apple.com\/br\/app\/biologix\/id6449978430\" target=\"_blank\" rel=\"noopener\"><img decoding=\"async\" class=\"alignnone wp-image-4360 size-full\" src=\"https:\/\/www.biologix.com.br\/wp-content\/uploads\/2020\/10\/suporte-app-store-1.png\" alt=\"\" width=\"150\" height=\"50\" \/><\/a> <a href=\"https:\/\/play.google.com\/store\/apps\/details?id=br.com.biologix.pro\" target=\"_blank\" rel=\"noopener\"><img decoding=\"async\" class=\"alignnone wp-image-4361 size-full\" src=\"https:\/\/www.biologix.com.br\/wp-content\/uploads\/2020\/10\/suporte-google-play.png\" alt=\"\" width=\"150\" height=\"50\" \/><\/a><\/p>\t\t\t\t\t\t\t\t<\/div>\n\t\t\t\t<\/div>\n\t\t\t\t<\/div>\n\t\t<div class=\"elementor-element elementor-element-183e656 e-con-full e-flex e-con e-child\" data-id=\"183e656\" data-element_type=\"container\" data-e-type=\"container\" data-settings=\"{&quot;background_background&quot;:&quot;classic&quot;}\">\n\t\t\t\t<div class=\"elementor-element elementor-element-8f95cc6 elementor-widget elementor-widget-text-editor\" data-id=\"8f95cc6\" data-element_type=\"widget\" data-e-type=\"widget\" data-widget_type=\"text-editor.default\">\n\t\t\t\t<div class=\"elementor-widget-container\">\n\t\t\t\t\t<style>.elementor-element-8f95cc6{display:none !important}<\/style>\t\t\t\t<\/div>\n\t\t\t\t<\/div>\n\t\t\t\t<div class=\"elementor-element elementor-element-d0cc9eb elementor-widget elementor-widget-text-editor\" data-id=\"d0cc9eb\" data-element_type=\"widget\" data-e-type=\"widget\" data-widget_type=\"text-editor.default\">\n\t\t\t\t<div class=\"elementor-widget-container\">\n\t\t\t\t\t\t\t\t\t<p><span style=\"text-decoration: underline;\"><a href=\"https:\/\/cdn.biologixsleep.com\/legal\/privacy_policy-es.html\">Pol\u00edtica de privacidad<\/a><\/span><\/p><p><span style=\"text-decoration: underline;\"><a href=\"https:\/\/cdn.biologixsleep.com\/legal\/terms-es.pdf\">T\u00e9rminos de uso<\/a><\/span><\/p><p><span style=\"text-decoration: underline;\"><a href=\"https:\/\/www.biologix.com.br\/wp-content\/uploads\/2025\/05\/manual-del-usuario-oxistar-bx1-espdf.pdf\">Manual del usuario<\/a><\/span><\/p>\t\t\t\t\t\t\t\t<\/div>\n\t\t\t\t<\/div>\n\t\t\t\t<div class=\"elementor-element elementor-element-ab8ecfb elementor-widget elementor-widget-text-editor\" data-id=\"ab8ecfb\" data-element_type=\"widget\" data-e-type=\"widget\" data-widget_type=\"text-editor.default\">\n\t\t\t\t<div class=\"elementor-widget-container\">\n\t\t\t\t\t<style>.elementor-element-ab8ecfb{display:none !important}<\/style>\t\t\t\t<\/div>\n\t\t\t\t<\/div>\n\t\t\t\t<\/div>\n\t\t\t\t\t<\/div>\n\t\t\t\t<\/div>\n\t\t\t\t<\/div>","protected":false},"excerpt":{"rendered":"<p>Fale com o suporte (11) 91276-0857 Baixe gratuitamente o aplicativo da Biologix: Pol\u00edtica de privacidade Termos de uso Manual do usu\u00e1rio Pol\u00edtica de privacidade Termos&hellip;<\/p>","protected":false},"author":2,"featured_media":0,"parent":0,"menu_order":0,"comment_status":"closed","ping_status":"closed","template":"","meta":{"footnotes":""},"class_list":["post-12847","page","type-page","status-publish","hentry"],"aioseo_notices":[],"_links":{"self":[{"href":"https:\/\/www.biologix.com.br\/es\/wp-json\/wp\/v2\/pages\/12847","targetHints":{"allow":["GET"]}}],"collection":[{"href":"https:\/\/www.biologix.com.br\/es\/wp-json\/wp\/v2\/pages"}],"about":[{"href":"https:\/\/www.biologix.com.br\/es\/wp-json\/wp\/v2\/types\/page"}],"author":[{"embeddable":true,"href":"https:\/\/www.biologix.com.br\/es\/wp-json\/wp\/v2\/users\/2"}],"replies":[{"embeddable":true,"href":"https:\/\/www.biologix.com.br\/es\/wp-json\/wp\/v2\/comments?post=12847"}],"version-history":[{"count":43,"href":"https:\/\/www.biologix.com.br\/es\/wp-json\/wp\/v2\/pages\/12847\/revisions"}],"predecessor-version":[{"id":14358,"href":"https:\/\/www.biologix.com.br\/es\/wp-json\/wp\/v2\/pages\/12847\/revisions\/14358"}],"wp:attachment":[{"href":"https:\/\/www.biologix.com.br\/es\/wp-json\/wp\/v2\/media?parent=12847"}],"curies":[{"name":"wp","href":"https:\/\/api.w.org\/{rel}","templated":true}]}}