{"id":9412,"date":"2024-01-24T11:30:32","date_gmt":"2024-01-24T14:30:32","guid":{"rendered":"https:\/\/www.biologix.com.br\/?page_id=9412"},"modified":"2024-02-16T18:54:37","modified_gmt":"2024-02-16T21:54:37","slug":"novo-aplicativo-biologix","status":"publish","type":"page","link":"https:\/\/www.biologix.com.br\/es\/novo-aplicativo-biologix\/","title":{"rendered":"Nueva aplicaci\u00f3n Biologix"},"content":{"rendered":"<div data-elementor-type=\"wp-page\" data-elementor-id=\"9412\" class=\"elementor elementor-9412\" data-elementor-post-type=\"page\">\n\t\t\t\t\t\t<section class=\"elementor-section elementor-top-section elementor-element elementor-element-2679f34 elementor-section-stretched elementor-section-full_width elementor-section-height-default elementor-section-height-default\" data-id=\"2679f34\" data-element_type=\"section\" data-e-type=\"section\" data-settings=\"{&quot;stretch_section&quot;:&quot;section-stretched&quot;,&quot;background_background&quot;:&quot;classic&quot;}\">\n\t\t\t\t\t\t<div class=\"elementor-container elementor-column-gap-no\">\n\t\t\t\t\t<div class=\"elementor-column elementor-col-100 elementor-top-column elementor-element elementor-element-db9648a\" data-id=\"db9648a\" data-element_type=\"column\" data-e-type=\"column\">\n\t\t\t<div class=\"elementor-widget-wrap elementor-element-populated\">\n\t\t\t\t\t\t<div class=\"elementor-element elementor-element-c7ab587 elementor--h-position-center elementor--v-position-middle elementor-arrows-position-inside elementor-pagination-position-inside elementor-widget elementor-widget-slides\" data-id=\"c7ab587\" data-element_type=\"widget\" data-e-type=\"widget\" data-settings=\"{&quot;navigation&quot;:&quot;both&quot;,&quot;autoplay&quot;:&quot;yes&quot;,&quot;pause_on_hover&quot;:&quot;yes&quot;,&quot;pause_on_interaction&quot;:&quot;yes&quot;,&quot;autoplay_speed&quot;:5000,&quot;infinite&quot;:&quot;yes&quot;,&quot;transition&quot;:&quot;slide&quot;,&quot;transition_speed&quot;:500}\" data-widget_type=\"slides.default\">\n\t\t\t\t<div class=\"elementor-widget-container\">\n\t\t\t\t\t\t\t\t\t<div class=\"elementor-swiper\">\n\t\t\t\t\t<div class=\"elementor-slides-wrapper elementor-main-swiper swiper\" role=\"region\" aria-roledescription=\"carousel\" aria-label=\"Slides\" dir=\"ltr\" data-animation=\"fadeInUp\">\n\t\t\t\t<div class=\"swiper-wrapper elementor-slides\">\n\t\t\t\t\t\t\t\t\t\t<div class=\"elementor-repeater-item-c13cf7e swiper-slide\" role=\"group\" aria-roledescription=\"slide\"><div class=\"swiper-slide-bg\"><\/div><div class=\"swiper-slide-inner\" ><div class=\"swiper-slide-contents\"><div class=\"elementor-slide-heading\">Nueva aplicaci\u00f3n Biologix<\/div><div class=\"elementor-slide-description\">Conozca la nueva aplicaci\u00f3n Biologix: ahora m\u00e1s sencilla y con m\u00e1s funcionalidades.<\/div><\/div><\/div><\/div>\t\t\t\t<\/div>\n\t\t\t\t\t\t\t<\/div>\n\t\t\t\t<\/div>\n\t\t\t\t\t\t\t\t<\/div>\n\t\t\t\t<\/div>\n\t\t\t\t\t<\/div>\n\t\t<\/div>\n\t\t\t\t\t<\/div>\n\t\t<\/section>\n\t\t<div class=\"elementor-element elementor-element-4333e48 e-flex e-con-boxed e-con e-parent\" data-id=\"4333e48\" data-element_type=\"container\" data-e-type=\"container\">\n\t\t\t\t\t<div class=\"e-con-inner\">\n\t\t<div class=\"elementor-element elementor-element-911ba08 e-con-full e-flex e-con e-child\" data-id=\"911ba08\" data-element_type=\"container\" data-e-type=\"container\">\n\t\t\t\t<div class=\"elementor-element elementor-element-b38c4a3 elementor-widget elementor-widget-text-editor\" data-id=\"b38c4a3\" data-element_type=\"widget\" data-e-type=\"widget\" data-widget_type=\"text-editor.default\">\n\t\t\t\t<div class=\"elementor-widget-container\">\n\t\t\t\t\t\t\t\t\t<p>\u00a0<\/p><p><span style=\"font-weight: 400;\">La nueva aplicaci\u00f3n Biologix presenta mejoras en dise\u00f1o, tecnolog\u00eda y en el ya conocido Biologix Sleep Test\u00ae. Adem\u00e1s, incorpora nuevas funcionalidades, como la<\/span> <span style=\"font-weight: 400;\">Prueba de Ronquidos Biologix\u00ae, que permite grabar el ronquido del paciente sin necesidad de un sensor. Esta herramienta no tiene costo adicional. <\/span><\/p>\t\t\t\t\t\t\t\t<\/div>\n\t\t\t\t<\/div>\n\t\t\t\t<div class=\"elementor-element elementor-element-b849573 elementor-widget elementor-widget-heading\" data-id=\"b849573\" data-element_type=\"widget\" data-e-type=\"widget\" data-widget_type=\"heading.default\">\n\t\t\t\t<div class=\"elementor-widget-container\">\n\t\t\t\t\t<h3 class=\"elementor-heading-title elementor-size-default\">C\u00f3mo instalar<\/h3>\t\t\t\t<\/div>\n\t\t\t\t<\/div>\n\t\t\t\t<div class=\"elementor-element elementor-element-89871b1 elementor-widget elementor-widget-text-editor\" data-id=\"89871b1\" data-element_type=\"widget\" data-e-type=\"widget\" data-widget_type=\"text-editor.default\">\n\t\t\t\t<div class=\"elementor-widget-container\">\n\t\t\t\t\t\t\t\t\t<p><span style=\"font-weight: 400;\">La aplicaci\u00f3n Biologix est\u00e1 disponible en las tiendas App Store (para dispositivos iOS) y\nGoogle Play (para dispositivos Android). Busque \u201cBiologix\u201d y pulse \u201cObtener\u201d o \u201cInstalar\u201d.<\/span><\/p>\t\t\t\t\t\t\t\t<\/div>\n\t\t\t\t<\/div>\n\t\t\t\t<div class=\"elementor-element elementor-element-3656f7f elementor-widget elementor-widget-text-editor\" data-id=\"3656f7f\" data-element_type=\"widget\" data-e-type=\"widget\" data-widget_type=\"text-editor.default\">\n\t\t\t\t<div class=\"elementor-widget-container\">\n\t\t\t\t\t\t\t\t\t<p><span style=\"font-weight: 400;\"><strong>Atenci\u00f3n:<\/strong> a partir del 26\/02\/2024, la versi\u00f3n antigua de la aplicaci\u00f3n (Biologix Lite) dejar\u00e1 de estar disponible en App Store y Google Play. Por eso, recomendamos que los centros acreditados instruyan a sus pacientes para que descarguen la nueva aplicaci\u00f3n de Biologix, con \u00edcono verde, y desinstalen Biologix Lite, que tiene un \u00edcono blanco.<\/span><\/p>\t\t\t\t\t\t\t\t<\/div>\n\t\t\t\t<\/div>\n\t\t\t\t<div class=\"elementor-element elementor-element-4dc2c89 elementor-widget elementor-widget-image\" data-id=\"4dc2c89\" data-element_type=\"widget\" data-e-type=\"widget\" data-widget_type=\"image.default\">\n\t\t\t\t<div class=\"elementor-widget-container\">\n\t\t\t\t\t\t\t\t\t\t\t\t\t\t\t<img fetchpriority=\"high\" decoding=\"async\" width=\"700\" height=\"163\" src=\"https:\/\/www.biologix.com.br\/wp-content\/uploads\/2024\/01\/baixar-novo-app.jpg\" class=\"attachment-large size-large wp-image-9472\" alt=\"\" srcset=\"https:\/\/www.biologix.com.br\/wp-content\/uploads\/2024\/01\/baixar-novo-app.jpg 700w, https:\/\/www.biologix.com.br\/wp-content\/uploads\/2024\/01\/baixar-novo-app-300x70.jpg 300w, https:\/\/www.biologix.com.br\/wp-content\/uploads\/2024\/01\/baixar-novo-app-18x4.jpg 18w\" sizes=\"(max-width: 700px) 100vw, 700px\" \/>\t\t\t\t\t\t\t\t\t\t\t\t\t\t\t<\/div>\n\t\t\t\t<\/div>\n\t\t\t\t<\/div>\n\t\t\t\t\t<\/div>\n\t\t\t\t<\/div>\n\t\t<div class=\"elementor-element elementor-element-08b5c4b e-flex e-con-boxed e-con e-parent\" data-id=\"08b5c4b\" data-element_type=\"container\" data-e-type=\"container\">\n\t\t\t\t\t<div class=\"e-con-inner\">\n\t\t<div class=\"elementor-element elementor-element-4538314 e-con-full e-flex e-con e-child\" data-id=\"4538314\" data-element_type=\"container\" data-e-type=\"container\">\n\t\t\t\t<div class=\"elementor-element elementor-element-9107fa2 elementor-widget elementor-widget-text-editor\" data-id=\"9107fa2\" data-element_type=\"widget\" data-e-type=\"widget\" data-widget_type=\"text-editor.default\">\n\t\t\t\t<div class=\"elementor-widget-container\">\n\t\t\t\t\t\t\t\t\t<p>A continuaci\u00f3n, detallamos las funcionalidades de la nueva aplicaci\u00f3n: Biologix Sleep Test\u00ae, Prueba de Ronquidos Biologix\u00ae, secci\u00f3n de resultados y ox\u00edmetro.<\/p>\t\t\t\t\t\t\t\t<\/div>\n\t\t\t\t<\/div>\n\t\t\t\t<\/div>\n\t\t\t\t\t<\/div>\n\t\t\t\t<\/div>\n\t\t<div class=\"elementor-element elementor-element-6c2b263 e-flex e-con-boxed e-con e-parent\" data-id=\"6c2b263\" data-element_type=\"container\" data-e-type=\"container\">\n\t\t\t\t\t<div class=\"e-con-inner\">\n\t\t<div class=\"elementor-element elementor-element-c0f2142 e-con-full e-flex e-con e-child\" data-id=\"c0f2142\" data-element_type=\"container\" data-e-type=\"container\">\n\t\t\t\t<div class=\"elementor-element elementor-element-11b1b23 elementor-widget elementor-widget-image\" data-id=\"11b1b23\" data-element_type=\"widget\" data-e-type=\"widget\" data-widget_type=\"image.default\">\n\t\t\t\t<div class=\"elementor-widget-container\">\n\t\t\t\t\t\t\t\t\t\t\t\t\t\t\t<img decoding=\"async\" width=\"843\" height=\"830\" src=\"https:\/\/www.biologix.com.br\/wp-content\/uploads\/2023\/08\/kit-blx-01.jpg\" class=\"attachment-large size-large wp-image-9264\" alt=\"\" srcset=\"https:\/\/www.biologix.com.br\/wp-content\/uploads\/2023\/08\/kit-blx-01.jpg 1000w, https:\/\/www.biologix.com.br\/wp-content\/uploads\/2023\/08\/kit-blx-01-300x296.jpg 300w, https:\/\/www.biologix.com.br\/wp-content\/uploads\/2023\/08\/kit-blx-01-768x756.jpg 768w, https:\/\/www.biologix.com.br\/wp-content\/uploads\/2023\/08\/kit-blx-01-12x12.jpg 12w\" sizes=\"(max-width: 843px) 100vw, 843px\" \/>\t\t\t\t\t\t\t\t\t\t\t\t\t\t\t<\/div>\n\t\t\t\t<\/div>\n\t\t\t\t<\/div>\n\t\t<div class=\"elementor-element elementor-element-8a6ea84 e-con-full e-flex e-con e-child\" data-id=\"8a6ea84\" data-element_type=\"container\" data-e-type=\"container\">\n\t\t\t\t<div class=\"elementor-element elementor-element-e4f7e06 elementor-widget elementor-widget-heading\" data-id=\"e4f7e06\" data-element_type=\"widget\" data-e-type=\"widget\" data-widget_type=\"heading.default\">\n\t\t\t\t<div class=\"elementor-widget-container\">\n\t\t\t\t\t<h2 class=\"elementor-heading-title elementor-size-default\">Biologix\u00ae Sleep Test<\/h2>\t\t\t\t<\/div>\n\t\t\t\t<\/div>\n\t\t\t\t<div class=\"elementor-element elementor-element-bb8da61 elementor-widget elementor-widget-text-editor\" data-id=\"bb8da61\" data-element_type=\"widget\" data-e-type=\"widget\" data-widget_type=\"text-editor.default\">\n\t\t\t\t<div class=\"elementor-widget-container\">\n\t\t\t\t\t\t\t\t\t<p><span style=\"font-weight: 400;\">El Biologix Sleep Test\u00ae es aquel examen que ya conoce, el cual permite diagnosticar ronquido y apnea del sue\u00f1o. Para que el paciente lo realice, entr\u00e9guele el kit Biologix, que incluye el sensor y el esparadrapo. Luego, autorice la cantidad de ex\u00e1menes deseada desde el portal del profesional. El paso a paso en la aplicaci\u00f3n es simple y similar al de la versi\u00f3n anterior.<\/span><\/p>\t\t\t\t\t\t\t\t<\/div>\n\t\t\t\t<\/div>\n\t\t\t\t<\/div>\n\t\t\t\t\t<\/div>\n\t\t\t\t<\/div>\n\t\t<div class=\"elementor-element elementor-element-c12de15 e-flex e-con-boxed e-con e-parent\" data-id=\"c12de15\" data-element_type=\"container\" data-e-type=\"container\">\n\t\t\t\t\t<div class=\"e-con-inner\">\n\t\t<div class=\"elementor-element elementor-element-21fc94b e-con-full e-flex e-con e-child\" data-id=\"21fc94b\" data-element_type=\"container\" data-e-type=\"container\">\n\t\t\t\t<div class=\"elementor-element elementor-element-08e7c7d elementor-widget elementor-widget-heading\" data-id=\"08e7c7d\" data-element_type=\"widget\" data-e-type=\"widget\" data-widget_type=\"heading.default\">\n\t\t\t\t<div class=\"elementor-widget-container\">\n\t\t\t\t\t<h2 class=\"elementor-heading-title elementor-size-default\">Prueba de Ronquidos Biologix\u00ae<\/h2>\t\t\t\t<\/div>\n\t\t\t\t<\/div>\n\t\t\t\t<div class=\"elementor-element elementor-element-56c26cf elementor-widget elementor-widget-text-editor\" data-id=\"56c26cf\" data-element_type=\"widget\" data-e-type=\"widget\" data-widget_type=\"text-editor.default\">\n\t\t\t\t<div class=\"elementor-widget-container\">\n\t\t\t\t\t\t\t\t\t<p><span style=\"font-weight: 400;\">La Prueba de Ronquidos Biologix\u00ae eval\u00faa el ronquido del paciente sin necesidad del Sensor Oxistar\u00ae. Gracias a la inteligencia artificial, graba y analiza el ronquido durante la noche, mostrando la intensidad y el porcentaje de tiempo de ronquido durante el per\u00edodo de sue\u00f1o.<\/span><\/p><p><span style=\"font-weight: 400;\"><strong>Recuerde:<\/strong> esta funcionalidad de la Prueba de Ronquidos Biologix\u00ae es totalmente gratuita para los centros acreditados. Usted puede autorizarla para sus pacientes sin incurrir en costos adicionales.<\/span><\/p>\t\t\t\t\t\t\t\t<\/div>\n\t\t\t\t<\/div>\n\t\t\t\t<\/div>\n\t\t<div class=\"elementor-element elementor-element-32232ad e-con-full e-flex e-con e-child\" data-id=\"32232ad\" data-element_type=\"container\" data-e-type=\"container\">\n\t\t\t\t<div class=\"elementor-element elementor-element-633b820 elementor-widget elementor-widget-image\" data-id=\"633b820\" data-element_type=\"widget\" data-e-type=\"widget\" data-widget_type=\"image.default\">\n\t\t\t\t<div class=\"elementor-widget-container\">\n\t\t\t\t\t\t\t\t\t\t\t\t\t\t\t<img decoding=\"async\" width=\"700\" height=\"377\" src=\"https:\/\/www.biologix.com.br\/wp-content\/uploads\/2024\/01\/teste-do-ronco-biologix-resumo-do-exame.png\" class=\"attachment-large size-large wp-image-9485\" alt=\"\" srcset=\"https:\/\/www.biologix.com.br\/wp-content\/uploads\/2024\/01\/teste-do-ronco-biologix-resumo-do-exame.png 700w, https:\/\/www.biologix.com.br\/wp-content\/uploads\/2024\/01\/teste-do-ronco-biologix-resumo-do-exame-300x162.png 300w, https:\/\/www.biologix.com.br\/wp-content\/uploads\/2024\/01\/teste-do-ronco-biologix-resumo-do-exame-18x10.png 18w\" sizes=\"(max-width: 700px) 100vw, 700px\" \/>\t\t\t\t\t\t\t\t\t\t\t\t\t\t\t<\/div>\n\t\t\t\t<\/div>\n\t\t\t\t<\/div>\n\t\t\t\t\t<\/div>\n\t\t\t\t<\/div>\n\t\t<div class=\"elementor-element elementor-element-31da3f1 e-flex e-con-boxed e-con e-parent\" data-id=\"31da3f1\" data-element_type=\"container\" data-e-type=\"container\">\n\t\t\t\t\t<div class=\"e-con-inner\">\n\t\t<div class=\"elementor-element elementor-element-0af66a0 e-con-full e-flex e-con e-child\" data-id=\"0af66a0\" data-element_type=\"container\" data-e-type=\"container\">\n\t\t\t\t<div class=\"elementor-element elementor-element-04447df elementor-widget elementor-widget-heading\" data-id=\"04447df\" data-element_type=\"widget\" data-e-type=\"widget\" data-widget_type=\"heading.default\">\n\t\t\t\t<div class=\"elementor-widget-container\">\n\t\t\t\t\t<h3 class=\"elementor-heading-title elementor-size-default\">\u00bfC\u00f3mo autorizar la Prueba de Ronquidos Biologix\u00ae para su paciente?<\/h3>\t\t\t\t<\/div>\n\t\t\t\t<\/div>\n\t\t\t\t<div class=\"elementor-element elementor-element-2390673 elementor-widget elementor-widget-text-editor\" data-id=\"2390673\" data-element_type=\"widget\" data-e-type=\"widget\" data-widget_type=\"text-editor.default\">\n\t\t\t\t<div class=\"elementor-widget-container\">\n\t\t\t\t\t\t\t\t\t<p><span style=\"font-weight: 400;\">Dentro del portal del profesional, haga clic en <\/span><b>Ex\u00e1menes <\/b><span style=\"font-weight: 400;\">y seleccione <\/span><b>Prueba de Ronquido Biologix\u00ae <\/b><span style=\"font-weight: 400;\">. Luego, acceda a la secci\u00f3n <\/span><b>AUTORIZACIONES<\/b><span style=\"font-weight: 400;\">. A continuaci\u00f3n, pulse en <\/span><b>+ NUEVA AUTORIZACI\u00d3N<\/b><span style=\"font-weight: 400;\"> e ingrese el documento de identidad del paciente y \u00a1listo! La Prueba de Ronquidos Biologix\u00ae se habilitar\u00e1 en la aplicaci\u00f3n del paciente.<\/span><\/p><p><span style=\"font-weight: 400;\"> Una vez otorgada la autorizaci\u00f3n, el paciente podr\u00e1 todas las pruebas que desee, sin la necesidad de autorizaciones nuevas. Cuando lo considere necesario, usted podr\u00e1 revocar\nel acceso.<\/span><\/p>\t\t\t\t\t\t\t\t<\/div>\n\t\t\t\t<\/div>\n\t\t\t\t<\/div>\n\t\t<div class=\"elementor-element elementor-element-9be81fa e-con-full e-flex e-con e-child\" data-id=\"9be81fa\" data-element_type=\"container\" data-e-type=\"container\">\n\t\t\t\t<div class=\"elementor-element elementor-element-440345f elementor-widget elementor-widget-image\" data-id=\"440345f\" data-element_type=\"widget\" data-e-type=\"widget\" data-widget_type=\"image.default\">\n\t\t\t\t<div class=\"elementor-widget-container\">\n\t\t\t\t\t\t\t\t\t\t\t\t\t\t\t<img loading=\"lazy\" decoding=\"async\" width=\"843\" height=\"350\" src=\"https:\/\/www.biologix.com.br\/wp-content\/uploads\/2024\/01\/autorizacoes-ronco.jpg\" class=\"attachment-large size-large wp-image-9426\" alt=\"\" srcset=\"https:\/\/www.biologix.com.br\/wp-content\/uploads\/2024\/01\/autorizacoes-ronco.jpg 967w, https:\/\/www.biologix.com.br\/wp-content\/uploads\/2024\/01\/autorizacoes-ronco-300x124.jpg 300w, https:\/\/www.biologix.com.br\/wp-content\/uploads\/2024\/01\/autorizacoes-ronco-768x318.jpg 768w, https:\/\/www.biologix.com.br\/wp-content\/uploads\/2024\/01\/autorizacoes-ronco-18x7.jpg 18w\" sizes=\"(max-width: 843px) 100vw, 843px\" \/>\t\t\t\t\t\t\t\t\t\t\t\t\t\t\t<\/div>\n\t\t\t\t<\/div>\n\t\t\t\t<\/div>\n\t\t\t\t\t<\/div>\n\t\t\t\t<\/div>\n\t\t<div class=\"elementor-element elementor-element-bec11e5 e-flex e-con-boxed e-con e-parent\" data-id=\"bec11e5\" data-element_type=\"container\" data-e-type=\"container\">\n\t\t\t\t\t<div class=\"e-con-inner\">\n\t\t<div class=\"elementor-element elementor-element-a781fae e-con-full e-flex e-con e-child\" data-id=\"a781fae\" data-element_type=\"container\" data-e-type=\"container\">\n\t\t\t\t<div class=\"elementor-element elementor-element-4155d10 elementor-widget elementor-widget-heading\" data-id=\"4155d10\" data-element_type=\"widget\" data-e-type=\"widget\" data-widget_type=\"heading.default\">\n\t\t\t\t<div class=\"elementor-widget-container\">\n\t\t\t\t\t<h3 class=\"elementor-heading-title elementor-size-default\">\u00bfCu\u00e1l es la diferencia entre el Biologix Sleep Test\u00ae y la Prueba de Ronquidos Biologix\u00ae?<\/h3>\t\t\t\t<\/div>\n\t\t\t\t<\/div>\n\t\t\t\t<div class=\"elementor-element elementor-element-bb65081 elementor-widget elementor-widget-text-editor\" data-id=\"bb65081\" data-element_type=\"widget\" data-e-type=\"widget\" data-widget_type=\"text-editor.default\">\n\t\t\t\t<div class=\"elementor-widget-container\">\n\t\t\t\t\t\t\t\t\t<p><span style=\"font-weight: 400;\">Ambas funcionalidades graban el audio del paciente durante el sue\u00f1o. Sin embargo, el  Biologix Sleep Test\u00ae permite diagnosticar apnea del sue\u00f1o mediante los datos recogidos por el sensor Oxistar\u00ae y el audio del ronquido. Por su parte, la Prueba de Ronquidos Biologix\u00ae capta \u00fanicamente el audio del ronquido.<br \/><\/span><\/p><p><span style=\"font-weight: 400;\">En cuanto a las autorizaciones para las Pruebas de Ronquidos Biologix\u00ae y los Ex\u00e1menes del Sue\u00f1o Biologix\u00ae, cada una funciona de forma diferente. Mientras que la del examen del sue\u00f1o permite realizar un \u00fanico examen por autorizaci\u00f3n, la prueba de ronquidos permite realizar m\u00faltiples pruebas de ronquido de forma ilimitada hasta que se revoque el acceso.<\/span><\/p>\t\t\t\t\t\t\t\t<\/div>\n\t\t\t\t<\/div>\n\t\t\t\t<\/div>\n\t\t\t\t\t<\/div>\n\t\t\t\t<\/div>\n\t\t<div class=\"elementor-element elementor-element-a971d3a e-flex e-con-boxed e-con e-parent\" data-id=\"a971d3a\" data-element_type=\"container\" data-e-type=\"container\">\n\t\t\t\t\t<div class=\"e-con-inner\">\n\t\t<div class=\"elementor-element elementor-element-64818f2 e-con-full e-flex e-con e-child\" data-id=\"64818f2\" data-element_type=\"container\" data-e-type=\"container\">\n\t\t\t\t<div class=\"elementor-element elementor-element-a2c36c2 elementor-widget elementor-widget-heading\" data-id=\"a2c36c2\" data-element_type=\"widget\" data-e-type=\"widget\" data-widget_type=\"heading.default\">\n\t\t\t\t<div class=\"elementor-widget-container\">\n\t\t\t\t\t<h2 class=\"elementor-heading-title elementor-size-default\">Resultados<\/h2>\t\t\t\t<\/div>\n\t\t\t\t<\/div>\n\t\t\t\t<div class=\"elementor-element elementor-element-d81fbc3 elementor-widget elementor-widget-text-editor\" data-id=\"d81fbc3\" data-element_type=\"widget\" data-e-type=\"widget\" data-widget_type=\"text-editor.default\">\n\t\t\t\t<div class=\"elementor-widget-container\">\n\t\t\t\t\t\t\t\t\t<p><span style=\"font-weight: 400;\">En la secci\u00f3n de \u201cResultados\u201d, el paciente puede consultar los reportes de sus ex\u00e1menes y pruebas, con distintos \u00edndices y gr\u00e1ficos relacionados con cada uno, como el IDO (\u00edndice de desaturaciones de ox\u00edgeno), frecuencia card\u00edaca, saturaci\u00f3n de ox\u00edgeno, ronquido, entre otros. Tambi\u00e9n puede visualizar los reportes en formato PDF y compartirlos por correo electr\u00f3nico, WhatsApp, u otras plataformas.<\/span><\/p>\t\t\t\t\t\t\t\t<\/div>\n\t\t\t\t<\/div>\n\t\t\t\t<div class=\"elementor-element elementor-element-b36fc19 elementor-widget elementor-widget-heading\" data-id=\"b36fc19\" data-element_type=\"widget\" data-e-type=\"widget\" data-widget_type=\"heading.default\">\n\t\t\t\t<div class=\"elementor-widget-container\">\n\t\t\t\t\t<h2 class=\"elementor-heading-title elementor-size-default\">Ox\u00edmetro<\/h2>\t\t\t\t<\/div>\n\t\t\t\t<\/div>\n\t\t\t\t<div class=\"elementor-element elementor-element-2b5b6c8 elementor-widget elementor-widget-text-editor\" data-id=\"2b5b6c8\" data-element_type=\"widget\" data-e-type=\"widget\" data-widget_type=\"text-editor.default\">\n\t\t\t\t<div class=\"elementor-widget-container\">\n\t\t\t\t\t\t\t\t\t<p><span style=\"font-weight: 400;\">En la secci\u00f3n \u201cOx\u00edmetro\u201d, el paciente puede conectar el sensor Oxistar\u00ae y visualizar datos en tiempo real, como saturaci\u00f3n de ox\u00edgeno y frecuencia card\u00edaca. Adem\u00e1s, puede consultar el nivel de bater\u00eda del sensor, su n\u00famero de serie y la versi\u00f3n del firmware.<\/span><\/p>\t\t\t\t\t\t\t\t<\/div>\n\t\t\t\t<\/div>\n\t\t\t\t<\/div>\n\t\t<div class=\"elementor-element elementor-element-600f913 e-con-full e-flex e-con e-child\" data-id=\"600f913\" data-element_type=\"container\" data-e-type=\"container\">\n\t\t\t\t<div class=\"elementor-element elementor-element-18125f2 elementor-widget elementor-widget-image\" data-id=\"18125f2\" data-element_type=\"widget\" data-e-type=\"widget\" data-widget_type=\"image.default\">\n\t\t\t\t<div class=\"elementor-widget-container\">\n\t\t\t\t\t\t\t\t\t\t\t\t\t\t\t<img loading=\"lazy\" decoding=\"async\" width=\"656\" height=\"707\" src=\"https:\/\/www.biologix.com.br\/wp-content\/uploads\/2024\/01\/resultados-oximetria.png\" class=\"attachment-large size-large wp-image-9490\" alt=\"\" srcset=\"https:\/\/www.biologix.com.br\/wp-content\/uploads\/2024\/01\/resultados-oximetria.png 656w, https:\/\/www.biologix.com.br\/wp-content\/uploads\/2024\/01\/resultados-oximetria-278x300.png 278w, https:\/\/www.biologix.com.br\/wp-content\/uploads\/2024\/01\/resultados-oximetria-11x12.png 11w\" sizes=\"(max-width: 656px) 100vw, 656px\" \/>\t\t\t\t\t\t\t\t\t\t\t\t\t\t\t<\/div>\n\t\t\t\t<\/div>\n\t\t\t\t<\/div>\n\t\t\t\t\t<\/div>\n\t\t\t\t<\/div>\n\t\t\t\t<\/div>","protected":false},"excerpt":{"rendered":"<p>Novo aplicativo BiologixConhe\u00e7a o novo aplicativo Biologix: agora mais f\u00e1cil, mais intuitivo e com mais funcionalidades para voc\u00ea! Este aplicativo \u00e9 destinado ao paciente e&hellip;<\/p>","protected":false},"author":11,"featured_media":0,"parent":0,"menu_order":0,"comment_status":"closed","ping_status":"closed","template":"","meta":{"footnotes":""},"class_list":["post-9412","page","type-page","status-publish","hentry"],"aioseo_notices":[],"_links":{"self":[{"href":"https:\/\/www.biologix.com.br\/es\/wp-json\/wp\/v2\/pages\/9412","targetHints":{"allow":["GET"]}}],"collection":[{"href":"https:\/\/www.biologix.com.br\/es\/wp-json\/wp\/v2\/pages"}],"about":[{"href":"https:\/\/www.biologix.com.br\/es\/wp-json\/wp\/v2\/types\/page"}],"author":[{"embeddable":true,"href":"https:\/\/www.biologix.com.br\/es\/wp-json\/wp\/v2\/users\/11"}],"replies":[{"embeddable":true,"href":"https:\/\/www.biologix.com.br\/es\/wp-json\/wp\/v2\/comments?post=9412"}],"version-history":[{"count":65,"href":"https:\/\/www.biologix.com.br\/es\/wp-json\/wp\/v2\/pages\/9412\/revisions"}],"predecessor-version":[{"id":9556,"href":"https:\/\/www.biologix.com.br\/es\/wp-json\/wp\/v2\/pages\/9412\/revisions\/9556"}],"wp:attachment":[{"href":"https:\/\/www.biologix.com.br\/es\/wp-json\/wp\/v2\/media?parent=9412"}],"curies":[{"name":"wp","href":"https:\/\/api.w.org\/{rel}","templated":true}]}}