{"id":9687,"date":"2024-02-29T15:43:22","date_gmt":"2024-02-29T18:43:22","guid":{"rendered":"https:\/\/www.biologix.com.br\/?page_id=9687"},"modified":"2024-03-11T12:13:41","modified_gmt":"2024-03-11T15:13:41","slug":"sea-un-centro-acreditado","status":"publish","type":"page","link":"https:\/\/www.biologix.com.br\/es\/sea-un-centro-acreditado\/","title":{"rendered":"Sea un centro acreditado"},"content":{"rendered":"<div data-elementor-type=\"wp-page\" data-elementor-id=\"9687\" class=\"elementor elementor-9687\" data-elementor-post-type=\"page\">\n\t\t\t\t<div class=\"elementor-element elementor-element-c8a0bf8 e-con-full e-flex e-con e-parent\" data-id=\"c8a0bf8\" data-element_type=\"container\" data-e-type=\"container\" data-settings=\"{&quot;background_background&quot;:&quot;classic&quot;}\">\n\t\t<div class=\"elementor-element elementor-element-31dc223 e-con-full e-flex e-con e-child\" data-id=\"31dc223\" data-element_type=\"container\" data-e-type=\"container\">\n\t\t\t\t<div class=\"elementor-element elementor-element-bf9b45d elementor-widget elementor-widget-heading\" data-id=\"bf9b45d\" data-element_type=\"widget\" data-e-type=\"widget\" data-widget_type=\"heading.default\">\n\t\t\t\t<div class=\"elementor-widget-container\">\n\t\t\t\t\t<h2 class=\"elementor-heading-title elementor-size-default\"><span style=\"font-size: 33.6px\">Descubra m\u00e1s sobre Biologix en su pa\u00eds<\/span><\/h2>\t\t\t\t<\/div>\n\t\t\t\t<\/div>\n\t\t\t\t<div class=\"elementor-element elementor-element-5453eed elementor-widget elementor-widget-text-editor\" data-id=\"5453eed\" data-element_type=\"widget\" data-e-type=\"widget\" data-widget_type=\"text-editor.default\">\n\t\t\t\t<div class=\"elementor-widget-container\">\n\t\t\t\t\t\t\t\t\t<p>A Biologix se le ocurri\u00f3 la propuesta de hacer el diagn\u00f3stico de la apnea del sue\u00f1o m\u00e1s r\u00e1pido, m\u00e1s f\u00e1cil, accesible y c\u00f3modo, beneficiando tanto al paciente como al profesional de la salud. Obtenga m\u00e1s informaci\u00f3n sobre nuestra soluci\u00f3n en su pa\u00eds completando el siguiente formulario:<\/p>\t\t\t\t\t\t\t\t<\/div>\n\t\t\t\t<\/div>\n\t\t\t\t<\/div>\n\t\t<div class=\"elementor-element elementor-element-ed99e22 e-con-full e-flex e-con e-child\" data-id=\"ed99e22\" data-element_type=\"container\" data-e-type=\"container\">\n\t\t\t\t<div class=\"elementor-element elementor-element-07cde74 elementor-widget elementor-widget-image\" data-id=\"07cde74\" data-element_type=\"widget\" data-e-type=\"widget\" data-widget_type=\"image.default\">\n\t\t\t\t<div class=\"elementor-widget-container\">\n\t\t\t\t\t\t\t\t\t\t\t\t\t\t\t<img fetchpriority=\"high\" decoding=\"async\" width=\"843\" height=\"920\" src=\"https:\/\/www.biologix.com.br\/wp-content\/uploads\/2024\/03\/prancheta-1-copia-1-938x1024.png\" class=\"attachment-large size-large wp-image-9816\" alt=\"\" srcset=\"https:\/\/www.biologix.com.br\/wp-content\/uploads\/2024\/03\/prancheta-1-copia-1-938x1024.png 938w, https:\/\/www.biologix.com.br\/wp-content\/uploads\/2024\/03\/prancheta-1-copia-1-275x300.png 275w, https:\/\/www.biologix.com.br\/wp-content\/uploads\/2024\/03\/prancheta-1-copia-1-768x839.png 768w, https:\/\/www.biologix.com.br\/wp-content\/uploads\/2024\/03\/prancheta-1-copia-1-1406x1536.png 1406w, https:\/\/www.biologix.com.br\/wp-content\/uploads\/2024\/03\/prancheta-1-copia-1-11x12.png 11w, https:\/\/www.biologix.com.br\/wp-content\/uploads\/2024\/03\/prancheta-1-copia-1.png 1758w\" sizes=\"(max-width: 843px) 100vw, 843px\" \/>\t\t\t\t\t\t\t\t\t\t\t\t\t\t\t<\/div>\n\t\t\t\t<\/div>\n\t\t\t\t<\/div>\n\t\t\t\t<\/div>\n\t\t<div class=\"elementor-element elementor-element-e935281 e-flex e-con-boxed e-con e-parent\" data-id=\"e935281\" data-element_type=\"container\" data-e-type=\"container\">\n\t\t\t\t\t<div class=\"e-con-inner\">\n\t\t\t\t<div class=\"elementor-element elementor-element-7f43345 elementor-widget elementor-widget-html\" data-id=\"7f43345\" data-element_type=\"widget\" data-e-type=\"widget\" data-widget_type=\"html.default\">\n\t\t\t\t<div class=\"elementor-widget-container\">\n\t\t\t\t\t<div role=\"main\" id=\"site-espanol-d3e8c460f2a39bc2174e\"><\/div><script type=\"text\/javascript\" src=\"https:\/\/d335luupugsy2.cloudfront.net\/js\/rdstation-forms\/stable\/rdstation-forms.min.js\"><\/script><script type=\"text\/javascript\"> new RDStationForms('site-espanol-d3e8c460f2a39bc2174e', 'UA-128422573-1').createForm();<\/script>\t\t\t\t<\/div>\n\t\t\t\t<\/div>\n\t\t\t\t<div class=\"elementor-element elementor-element-6dcce10 elementor-widget elementor-widget-spacer\" data-id=\"6dcce10\" data-element_type=\"widget\" data-e-type=\"widget\" data-widget_type=\"spacer.default\">\n\t\t\t\t<div class=\"elementor-widget-container\">\n\t\t\t\t\t\t\t<div class=\"elementor-spacer\">\n\t\t\t<div class=\"elementor-spacer-inner\"><\/div>\n\t\t<\/div>\n\t\t\t\t\t\t<\/div>\n\t\t\t\t<\/div>\n\t\t\t\t\t<\/div>\n\t\t\t\t<\/div>\n\t\t<div class=\"elementor-element elementor-element-6596fd8 e-flex e-con-boxed e-con e-parent\" data-id=\"6596fd8\" data-element_type=\"container\" data-e-type=\"container\">\n\t\t\t\t\t<div class=\"e-con-inner\">\n\t\t<div class=\"elementor-element elementor-element-3bf26bc e-con-full e-flex e-con e-child\" data-id=\"3bf26bc\" data-element_type=\"container\" data-e-type=\"container\">\n\t\t\t\t<div class=\"elementor-element elementor-element-848f44f elementor-widget elementor-widget-heading\" data-id=\"848f44f\" data-element_type=\"widget\" data-e-type=\"widget\" data-widget_type=\"heading.default\">\n\t\t\t\t<div class=\"elementor-widget-container\">\n\t\t\t\t\t<h3 class=\"elementor-heading-title elementor-size-default\">Descubra la soluci\u00f3n para el diagn\u00f3stico de la apnea del sue\u00f1o<\/h3>\t\t\t\t<\/div>\n\t\t\t\t<\/div>\n\t\t\t\t<div class=\"elementor-element elementor-element-0d8445b elementor-widget elementor-widget-text-editor\" data-id=\"0d8445b\" data-element_type=\"widget\" data-e-type=\"widget\" data-widget_type=\"text-editor.default\">\n\t\t\t\t<div class=\"elementor-widget-container\">\n\t\t\t\t\t\t\t\t\t<p>Las soluciones de Biologix para el examen del sue\u00f1o y la monitorizaci\u00f3n remota de signos cl\u00ednicos aportan un gran beneficio tanto al paciente como al profesional que las utiliza. \u00a1Una innovaci\u00f3n tecnol\u00f3gica asequible y pr\u00e1ctica!<\/p>\t\t\t\t\t\t\t\t<\/div>\n\t\t\t\t<\/div>\n\t\t\t\t<\/div>\n\t\t<div class=\"elementor-element elementor-element-6e931e9 e-con-full e-flex e-con e-child\" data-id=\"6e931e9\" data-element_type=\"container\" data-e-type=\"container\">\n\t\t\t\t<div class=\"elementor-element elementor-element-e876892 elementor-widget elementor-widget-video\" data-id=\"e876892\" data-element_type=\"widget\" data-e-type=\"widget\" data-settings=\"{&quot;youtube_url&quot;:&quot;https:\\\/\\\/youtu.be\\\/KRHwZ6NdqgM&quot;,&quot;video_type&quot;:&quot;youtube&quot;,&quot;controls&quot;:&quot;yes&quot;}\" data-widget_type=\"video.default\">\n\t\t\t\t<div class=\"elementor-widget-container\">\n\t\t\t\t\t\t\t<div class=\"elementor-wrapper elementor-open-inline\">\n\t\t\t<div class=\"elementor-video\"><\/div>\t\t<\/div>\n\t\t\t\t\t\t<\/div>\n\t\t\t\t<\/div>\n\t\t\t\t<\/div>\n\t\t\t\t\t<\/div>\n\t\t\t\t<\/div>\n\t\t\t\t<\/div>","protected":false},"excerpt":{"rendered":"<p>Descubra m\u00e1s sobre Biologix en su pa\u00eds A Biologix se le ocurri\u00f3 la propuesta de hacer el diagn\u00f3stico de la apnea del sue\u00f1o m\u00e1s r\u00e1pido,&hellip;<\/p>","protected":false},"author":2,"featured_media":0,"parent":0,"menu_order":0,"comment_status":"closed","ping_status":"closed","template":"","meta":{"footnotes":""},"class_list":["post-9687","page","type-page","status-publish","hentry"],"aioseo_notices":[],"_links":{"self":[{"href":"https:\/\/www.biologix.com.br\/es\/wp-json\/wp\/v2\/pages\/9687","targetHints":{"allow":["GET"]}}],"collection":[{"href":"https:\/\/www.biologix.com.br\/es\/wp-json\/wp\/v2\/pages"}],"about":[{"href":"https:\/\/www.biologix.com.br\/es\/wp-json\/wp\/v2\/types\/page"}],"author":[{"embeddable":true,"href":"https:\/\/www.biologix.com.br\/es\/wp-json\/wp\/v2\/users\/2"}],"replies":[{"embeddable":true,"href":"https:\/\/www.biologix.com.br\/es\/wp-json\/wp\/v2\/comments?post=9687"}],"version-history":[{"count":40,"href":"https:\/\/www.biologix.com.br\/es\/wp-json\/wp\/v2\/pages\/9687\/revisions"}],"predecessor-version":[{"id":9836,"href":"https:\/\/www.biologix.com.br\/es\/wp-json\/wp\/v2\/pages\/9687\/revisions\/9836"}],"wp:attachment":[{"href":"https:\/\/www.biologix.com.br\/es\/wp-json\/wp\/v2\/media?parent=9687"}],"curies":[{"name":"wp","href":"https:\/\/api.w.org\/{rel}","templated":true}]}}